{"id":22447,"date":"2021-01-12T10:19:24","date_gmt":"2021-01-12T09:19:24","guid":{"rendered":"https:\/\/ivr-ias.aretiswebseiten.ch\/?page_id=22447"},"modified":"2023-10-02T17:28:40","modified_gmt":"2023-10-02T15:28:40","slug":"fachkommission-ivr","status":"publish","type":"page","link":"https:\/\/staging.144.ch\/fr\/ueber-uns\/fachkommission-ivr\/","title":{"rendered":"La commission d'experts"},"content":{"rendered":"<style type=\"text\/css\" data-created_by=\"avia_inline_auto\" id=\"style-css-av-qwt0vj-876271c15ab64e84ddb7361f73b2892d\">\n#top .av-special-heading.av-qwt0vj-876271c15ab64e84ddb7361f73b2892d{\npadding-bottom:10px;\n}\nbody .av-special-heading.av-qwt0vj-876271c15ab64e84ddb7361f73b2892d .av-special-heading-tag .heading-char{\nfont-size:25px;\n}\n.av-special-heading.av-qwt0vj-876271c15ab64e84ddb7361f73b2892d .av-subheading{\nfont-size:15px;\n}\n<\/style>\n<div  class='av-special-heading av-qwt0vj-876271c15ab64e84ddb7361f73b2892d av-special-heading-h1 blockquote modern-quote modern-centered  avia-builder-el-0  el_before_av_hr  avia-builder-el-first  av-thin-font'><h1 class='av-special-heading-tag'  ><strong>Commission sp\u00e9cialis\u00e9e<\/strong> IVR<\/h1><div class=\"special-heading-border\"><div class=\"special-heading-inner-border\"><\/div><\/div><\/div>\n\n<style type=\"text\/css\" data-created_by=\"avia_inline_auto\" id=\"style-css-av-kb6hhq2e-9e3aee1f8a2a8bf3ab2119ee31d324bc\">\n#top .hr.av-kb6hhq2e-9e3aee1f8a2a8bf3ab2119ee31d324bc{\nmargin-top:40px;\nmargin-bottom:30px;\n}\n.hr.av-kb6hhq2e-9e3aee1f8a2a8bf3ab2119ee31d324bc .hr-inner{\nwidth:100px;\nborder-color:#0e0e0e;\nmax-width:45%;\n}\n.hr.av-kb6hhq2e-9e3aee1f8a2a8bf3ab2119ee31d324bc .av-seperator-icon{\ncolor:#0e0e0e;\n}\n<\/style>\n<div  class='hr av-kb6hhq2e-9e3aee1f8a2a8bf3ab2119ee31d324bc hr-custom  avia-builder-el-1  el_after_av_heading  el_before_av_one_full  hr-center hr-icon-yes'><span class='hr-inner inner-border-av-border-fat'><span class=\"hr-inner-style\"><\/span><\/span><span class='av-seperator-icon' aria-hidden='true' data-av_icon='\ue809' data-av_iconfont='fontello'><\/span><span class='hr-inner inner-border-av-border-fat'><span class=\"hr-inner-style\"><\/span><\/span><\/div>\n\n<style type=\"text\/css\" data-created_by=\"avia_inline_auto\" id=\"style-css-av-kb6wq2hy-757615958567022f68962ebc32ef9237\">\n#top .flex_column.av-kb6wq2hy-757615958567022f68962ebc32ef9237{\nmargin-top:10px;\nmargin-bottom:0px;\n}\n.flex_column.av-kb6wq2hy-757615958567022f68962ebc32ef9237{\nborder-radius:0px 0px 0px 0px;\npadding:0px 0px 0px 0px;\n}\n.responsive #top #wrap_all .flex_column.av-kb6wq2hy-757615958567022f68962ebc32ef9237{\nmargin-top:10px;\nmargin-bottom:0px;\n}\n<\/style>\n<div  class='flex_column av-kb6wq2hy-757615958567022f68962ebc32ef9237 av_one_full  avia-builder-el-2  el_after_av_hr  el_before_av_one_third  first flex_column_div av-animated-generic fade-in av-zero-column-padding'     ><section  class='av_textblock_section av-kb6wxpul-fbc440c24c3601e29ab9e29307283dbc'  ><div class='avia_textblock' ><p style=\"text-align: center;\">La commission sp\u00e9cialis\u00e9e \/ les groupes sp\u00e9cialis\u00e9s traitent des questions et des demandes actuelles tout au long de la cha\u00eene de sauvetage. Elle int\u00e8gre les connaissances scientifiques les plus r\u00e9centes et met en \u0153uvre les objectifs strat\u00e9giques du comit\u00e9 directeur en collaboration avec le secr\u00e9tariat.<\/p>\n<\/div><\/section><\/div>\n\n<style type=\"text\/css\" data-created_by=\"avia_inline_auto\" id=\"style-css-av-oqv7me-f42861de65bb2e98dbba2833ea0f57f1\">\n#top .flex_column.av-oqv7me-f42861de65bb2e98dbba2833ea0f57f1{\nmargin-top:30px;\nmargin-bottom:30px;\n}\n.flex_column.av-oqv7me-f42861de65bb2e98dbba2833ea0f57f1{\nborder-radius:0px 0px 0px 0px;\npadding:0px 0px 0px 0px;\n}\n.responsive #top #wrap_all .flex_column.av-oqv7me-f42861de65bb2e98dbba2833ea0f57f1{\nmargin-top:30px;\nmargin-bottom:30px;\n}\n<\/style>\n<div  class='flex_column av-oqv7me-f42861de65bb2e98dbba2833ea0f57f1 av_one_third  avia-builder-el-4  el_after_av_one_full  el_before_av_one_third  first flex_column_div av-animated-generic right-to-left av-zero-column-padding  column-top-margin'     ><p>\n<style type=\"text\/css\" data-created_by=\"avia_inline_auto\" id=\"style-css-av-k99zsfxs-cfe45ed44d068f06ac5b1fffaeef1837\">\n.avia-image-container.av-k99zsfxs-cfe45ed44d068f06ac5b1fffaeef1837 img.avia_image{\nbox-shadow:none;\n}\n.avia-image-container.av-k99zsfxs-cfe45ed44d068f06ac5b1fffaeef1837 .av-image-caption-overlay-center{\ncolor:#ffffff;\n}\n<\/style>\n<div  class='avia-image-container av-k99zsfxs-cfe45ed44d068f06ac5b1fffaeef1837 av-styling-circle avia-align-center  avia-builder-el-5  el_before_av_heading  avia-builder-el-first'  ><div class=\"avia-image-container-inner\"><div class=\"avia-image-overlay-wrap\"><img decoding=\"async\" class='wp-image-22720 avia-img-lazy-loading-not-22720 avia_image' src=\"https:\/\/staging.144.ch\/wp-content\/uploads\/2021\/01\/Roman.jpg\" alt='' title='Roman'  height=\"500\" width=\"500\" srcset=\"https:\/\/staging.144.ch\/wp-content\/uploads\/2021\/01\/Roman.jpg 500w, https:\/\/staging.144.ch\/wp-content\/uploads\/2021\/01\/Roman-300x300.jpg 300w, https:\/\/staging.144.ch\/wp-content\/uploads\/2021\/01\/Roman-80x80.jpg 80w, https:\/\/staging.144.ch\/wp-content\/uploads\/2021\/01\/Roman-36x36.jpg 36w, https:\/\/staging.144.ch\/wp-content\/uploads\/2021\/01\/Roman-180x180.jpg 180w, https:\/\/staging.144.ch\/wp-content\/uploads\/2021\/01\/Roman-100x100.jpg 100w\" sizes=\"(max-width: 500px) 100vw, 500px\" \/><\/div><\/div><\/div><br \/>\n\n<style type=\"text\/css\" data-created_by=\"avia_inline_auto\" id=\"style-css-av-39nqgf-a0edbf5ce9049f2e5ecb9f4a6d33f89f\">\n#top .av-special-heading.av-39nqgf-a0edbf5ce9049f2e5ecb9f4a6d33f89f{\npadding-bottom:10px;\n}\nbody .av-special-heading.av-39nqgf-a0edbf5ce9049f2e5ecb9f4a6d33f89f .av-special-heading-tag .heading-char{\nfont-size:25px;\n}\n.av-special-heading.av-39nqgf-a0edbf5ce9049f2e5ecb9f4a6d33f89f .av-subheading{\nfont-size:15px;\n}\n<\/style>\n<div  class='av-special-heading av-39nqgf-a0edbf5ce9049f2e5ecb9f4a6d33f89f av-special-heading-h4 blockquote modern-quote modern-centered  avia-builder-el-6  el_after_av_image  el_before_av_hr'><h4 class='av-special-heading-tag'  >Roman Burkart<\/h4><div class=\"special-heading-border\"><div class=\"special-heading-inner-border\"><\/div><\/div><\/div><br \/>\n\n<style type=\"text\/css\" data-created_by=\"avia_inline_auto\" id=\"style-css-av-kb6wsd6l-9867c7c9d8ac1eb067dd3228e9abd8ee\">\n#top .hr.av-kb6wsd6l-9867c7c9d8ac1eb067dd3228e9abd8ee{\nmargin-top:15px;\nmargin-bottom:20px;\n}\n.hr.av-kb6wsd6l-9867c7c9d8ac1eb067dd3228e9abd8ee .hr-inner{\nwidth:100px;\nborder-color:#000000;\n}\n<\/style>\n<div  class='hr av-kb6wsd6l-9867c7c9d8ac1eb067dd3228e9abd8ee hr-custom  avia-builder-el-7  el_after_av_heading  el_before_av_textblock  hr-center hr-icon-no'><span class='hr-inner inner-border-av-border-fat'><span class=\"hr-inner-style\"><\/span><\/span><\/div><br \/>\n<section  class='av_textblock_section av-k99zq9fs-e36485dd6386b09c5d6c5375aa6bb922'  ><div class='avia_textblock' ><p style=\"text-align: center;\">Direction de la commission d'experts<br \/>\nBureau de l'IAS, Aarau<\/p>\n<\/div><\/section><\/p><\/div>\n\n<style type=\"text\/css\" data-created_by=\"avia_inline_auto\" id=\"style-css-av-oqv7me-16-74bbff11f7314f4e4e0e69118f670644\">\n#top .flex_column.av-oqv7me-16-74bbff11f7314f4e4e0e69118f670644{\nmargin-top:30px;\nmargin-bottom:30px;\n}\n.flex_column.av-oqv7me-16-74bbff11f7314f4e4e0e69118f670644{\nborder-radius:0px 0px 0px 0px;\npadding:0px 0px 0px 0px;\n}\n.responsive #top #wrap_all .flex_column.av-oqv7me-16-74bbff11f7314f4e4e0e69118f670644{\nmargin-top:30px;\nmargin-bottom:30px;\n}\n<\/style>\n<div  class='flex_column av-oqv7me-16-74bbff11f7314f4e4e0e69118f670644 av_one_third  avia-builder-el-9  el_after_av_one_third  el_before_av_one_third  flex_column_div av-animated-generic right-to-left av-zero-column-padding  column-top-margin'     ><p>\n<style type=\"text\/css\" data-created_by=\"avia_inline_auto\" id=\"style-css-av-k99zsfxs-15-f65857cb6d4294cc6942ab441a650e94\">\n.avia-image-container.av-k99zsfxs-15-f65857cb6d4294cc6942ab441a650e94 img.avia_image{\nbox-shadow:none;\n}\n.avia-image-container.av-k99zsfxs-15-f65857cb6d4294cc6942ab441a650e94 .av-image-caption-overlay-center{\ncolor:#ffffff;\n}\n<\/style>\n<div  class='avia-image-container av-k99zsfxs-15-f65857cb6d4294cc6942ab441a650e94 av-styling-circle avia-align-center  avia-builder-el-10  el_before_av_heading  avia-builder-el-first'  ><div class=\"avia-image-container-inner\"><div class=\"avia-image-overlay-wrap\"><img decoding=\"async\" class='wp-image-23146 avia-img-lazy-loading-not-23146 avia_image' src=\"https:\/\/staging.144.ch\/wp-content\/uploads\/2021\/01\/Michel-Eigenmann.jpg\" alt='' title='Michel-Eigenmann'  height=\"500\" width=\"500\" srcset=\"https:\/\/staging.144.ch\/wp-content\/uploads\/2021\/01\/Michel-Eigenmann.jpg 500w, https:\/\/staging.144.ch\/wp-content\/uploads\/2021\/01\/Michel-Eigenmann-300x300.jpg 300w, https:\/\/staging.144.ch\/wp-content\/uploads\/2021\/01\/Michel-Eigenmann-80x80.jpg 80w, https:\/\/staging.144.ch\/wp-content\/uploads\/2021\/01\/Michel-Eigenmann-36x36.jpg 36w, https:\/\/staging.144.ch\/wp-content\/uploads\/2021\/01\/Michel-Eigenmann-180x180.jpg 180w, https:\/\/staging.144.ch\/wp-content\/uploads\/2021\/01\/Michel-Eigenmann-100x100.jpg 100w\" sizes=\"(max-width: 500px) 100vw, 500px\" \/><\/div><\/div><\/div><br \/>\n\n<style type=\"text\/css\" data-created_by=\"avia_inline_auto\" id=\"style-css-av-w5pv4f-2dac2b1b7fde20084d67e442dabb4eea\">\n#top .av-special-heading.av-w5pv4f-2dac2b1b7fde20084d67e442dabb4eea{\npadding-bottom:10px;\n}\nbody .av-special-heading.av-w5pv4f-2dac2b1b7fde20084d67e442dabb4eea .av-special-heading-tag .heading-char{\nfont-size:25px;\n}\n.av-special-heading.av-w5pv4f-2dac2b1b7fde20084d67e442dabb4eea .av-subheading{\nfont-size:15px;\n}\n<\/style>\n<div  class='av-special-heading av-w5pv4f-2dac2b1b7fde20084d67e442dabb4eea av-special-heading-h4 blockquote modern-quote modern-centered  avia-builder-el-11  el_after_av_image  el_before_av_hr'><h4 class='av-special-heading-tag'  >Michel Eigenmann<\/h4><div class=\"special-heading-border\"><div class=\"special-heading-inner-border\"><\/div><\/div><\/div><br \/>\n\n<style type=\"text\/css\" data-created_by=\"avia_inline_auto\" id=\"style-css-av-kb6wsd6l-14-415ceb4cc1494d877546596d42a286cc\">\n#top .hr.av-kb6wsd6l-14-415ceb4cc1494d877546596d42a286cc{\nmargin-top:15px;\nmargin-bottom:20px;\n}\n.hr.av-kb6wsd6l-14-415ceb4cc1494d877546596d42a286cc .hr-inner{\nwidth:100px;\nborder-color:#000000;\n}\n<\/style>\n<div  class='hr av-kb6wsd6l-14-415ceb4cc1494d877546596d42a286cc hr-custom  avia-builder-el-12  el_after_av_heading  el_before_av_textblock  hr-center hr-icon-no'><span class='hr-inner inner-border-av-border-fat'><span class=\"hr-inner-style\"><\/span><\/span><\/div><br \/>\n<section  class='av_textblock_section av-k99zq9fs-13-08e9be08b5e64b045ce3483407019a51'  ><div class='avia_textblock' ><p style=\"text-align: center;\">Chef du groupe sp\u00e9cialis\u00e9 \u00abCentrale d'appels sanitaires urgents\u00bb<br \/>\nSauvetage B\u00e2le-Ville<\/p>\n<\/div><\/section><\/p><\/div>\n\n<style type=\"text\/css\" data-created_by=\"avia_inline_auto\" id=\"style-css-av-av_one_third-99c4646a03a028912a66a9ca99a5e6d8\">\n#top .flex_column.av-av_one_third-99c4646a03a028912a66a9ca99a5e6d8{\nmargin-top:30px;\nmargin-bottom:30px;\n}\n.flex_column.av-av_one_third-99c4646a03a028912a66a9ca99a5e6d8{\nborder-radius:0px 0px 0px 0px;\npadding:0px 0px 0px 0px;\n}\n.responsive #top #wrap_all .flex_column.av-av_one_third-99c4646a03a028912a66a9ca99a5e6d8{\nmargin-top:30px;\nmargin-bottom:30px;\n}\n<\/style>\n<div  class='flex_column av-av_one_third-99c4646a03a028912a66a9ca99a5e6d8 av_one_third  avia-builder-el-14  el_after_av_one_third  el_before_av_one_third  flex_column_div av-animated-generic right-to-left av-zero-column-padding  column-top-margin'     ><p>\n<style type=\"text\/css\" data-created_by=\"avia_inline_auto\" id=\"style-css-av-ln91pckw-a4beca7c4d79c52a306ccadddcee1ba3\">\n.avia-image-container.av-ln91pckw-a4beca7c4d79c52a306ccadddcee1ba3 img.avia_image{\nbox-shadow:none;\n}\n.avia-image-container.av-ln91pckw-a4beca7c4d79c52a306ccadddcee1ba3 .av-image-caption-overlay-center{\ncolor:#ffffff;\n}\n<\/style>\n<div  class='avia-image-container av-ln91pckw-a4beca7c4d79c52a306ccadddcee1ba3 av-styling-circle avia-align-center  avia-builder-el-15  el_before_av_heading  avia-builder-el-first'  ><div class=\"avia-image-container-inner\"><div class=\"avia-image-overlay-wrap\"><img decoding=\"async\" class='wp-image-35296 avia-img-lazy-loading-not-35296 avia_image' src=\"https:\/\/staging.144.ch\/wp-content\/uploads\/2023\/06\/Celine-Marchon.jpg\" alt='' title='C\u00e9line-Marchon'  height=\"500\" width=\"500\" srcset=\"https:\/\/staging.144.ch\/wp-content\/uploads\/2023\/06\/Celine-Marchon.jpg 500w, https:\/\/staging.144.ch\/wp-content\/uploads\/2023\/06\/Celine-Marchon-300x300.jpg 300w, https:\/\/staging.144.ch\/wp-content\/uploads\/2023\/06\/Celine-Marchon-80x80.jpg 80w, https:\/\/staging.144.ch\/wp-content\/uploads\/2023\/06\/Celine-Marchon-36x36.jpg 36w, https:\/\/staging.144.ch\/wp-content\/uploads\/2023\/06\/Celine-Marchon-180x180.jpg 180w, https:\/\/staging.144.ch\/wp-content\/uploads\/2023\/06\/Celine-Marchon-120x120.jpg 120w, https:\/\/staging.144.ch\/wp-content\/uploads\/2023\/06\/Celine-Marchon-450x450.jpg 450w, https:\/\/staging.144.ch\/wp-content\/uploads\/2023\/06\/Celine-Marchon-100x100.jpg 100w\" sizes=\"(max-width: 500px) 100vw, 500px\" \/><\/div><\/div><\/div><br \/>\n\n<style type=\"text\/css\" data-created_by=\"avia_inline_auto\" id=\"style-css-av-ln91pk7e-bab0e8a31c35001bd223acd9e9edf1c8\">\n#top .av-special-heading.av-ln91pk7e-bab0e8a31c35001bd223acd9e9edf1c8{\npadding-bottom:10px;\n}\nbody .av-special-heading.av-ln91pk7e-bab0e8a31c35001bd223acd9e9edf1c8 .av-special-heading-tag .heading-char{\nfont-size:25px;\n}\n.av-special-heading.av-ln91pk7e-bab0e8a31c35001bd223acd9e9edf1c8 .av-subheading{\nfont-size:15px;\n}\n<\/style>\n<div  class='av-special-heading av-ln91pk7e-bab0e8a31c35001bd223acd9e9edf1c8 av-special-heading-h4 blockquote modern-quote modern-centered  avia-builder-el-16  el_after_av_image  el_before_av_hr'><h4 class='av-special-heading-tag'  >C\u00e9line Marchon<\/h4><div class=\"special-heading-border\"><div class=\"special-heading-inner-border\"><\/div><\/div><\/div><br \/>\n\n<style type=\"text\/css\" data-created_by=\"avia_inline_auto\" id=\"style-css-av-av_hr-9c952f2c77f999b41d0076f8a5a65a86\">\n#top .hr.av-av_hr-9c952f2c77f999b41d0076f8a5a65a86{\nmargin-top:15px;\nmargin-bottom:20px;\n}\n.hr.av-av_hr-9c952f2c77f999b41d0076f8a5a65a86 .hr-inner{\nwidth:100px;\nborder-color:#000000;\n}\n<\/style>\n<div  class='hr av-av_hr-9c952f2c77f999b41d0076f8a5a65a86 hr-custom  avia-builder-el-17  el_after_av_heading  el_before_av_textblock  hr-center hr-icon-no'><span class='hr-inner inner-border-av-border-fat'><span class=\"hr-inner-style\"><\/span><\/span><\/div><br \/>\n<section  class='av_textblock_section av-ln91pry3-5a868a2544fa9b2032e9f2c54e584f6d'  ><div class='avia_textblock' ><p style=\"text-align: center;\">Responsable du groupe sp\u00e9cialis\u00e9 \u201ePremiers secours &amp; First Responders\u201c<br \/>\nFondation \u201e<span class=\"ui-provider hb b c d e f g h i j k l m n o p q r s t u v w x y z ab ac ae af ag ah ai aj ak\" dir=\"ltr\">Premiers secours du Nord-Ouest de la Suisse\u201c<\/span><\/p>\n<\/div><\/section><\/p><\/div>\n<style type=\"text\/css\" data-created_by=\"avia_inline_auto\" id=\"style-css-av-oqv7me-8-386c289336148ee85fd21b3c0acc18dd\">\n#top .flex_column.av-oqv7me-8-386c289336148ee85fd21b3c0acc18dd{\nmargin-top:35px;\nmargin-bottom:30px;\n}\n.flex_column.av-oqv7me-8-386c289336148ee85fd21b3c0acc18dd{\nborder-radius:0px 0px 0px 0px;\npadding:0px 0px 0px 0px;\n}\n.responsive #top #wrap_all .flex_column.av-oqv7me-8-386c289336148ee85fd21b3c0acc18dd{\nmargin-top:35px;\nmargin-bottom:30px;\n}\n<\/style>\n<div  class='flex_column av-oqv7me-8-386c289336148ee85fd21b3c0acc18dd av_one_third  avia-builder-el-19  el_after_av_one_third  el_before_av_one_third  first flex_column_div av-animated-generic right-to-left av-zero-column-padding  column-top-margin'     ><p>\n<style type=\"text\/css\" data-created_by=\"avia_inline_auto\" id=\"style-css-av-k99zsfxs-7-462919a1ef11df318f256a96ed936a29\">\n.avia-image-container.av-k99zsfxs-7-462919a1ef11df318f256a96ed936a29 img.avia_image{\nbox-shadow:none;\n}\n.avia-image-container.av-k99zsfxs-7-462919a1ef11df318f256a96ed936a29 .av-image-caption-overlay-center{\ncolor:#ffffff;\n}\n<\/style>\n<div  class='avia-image-container av-k99zsfxs-7-462919a1ef11df318f256a96ed936a29 av-styling-circle avia-align-center  avia-builder-el-20  el_before_av_heading  avia-builder-el-first'  ><div class=\"avia-image-container-inner\"><div class=\"avia-image-overlay-wrap\"><img decoding=\"async\" class='wp-image-22652 avia-img-lazy-loading-not-22652 avia_image' src=\"https:\/\/staging.144.ch\/wp-content\/uploads\/2021\/01\/Gambon-2.jpg\" alt='' title='Gambon'  height=\"500\" width=\"500\" srcset=\"https:\/\/staging.144.ch\/wp-content\/uploads\/2021\/01\/Gambon-2.jpg 500w, https:\/\/staging.144.ch\/wp-content\/uploads\/2021\/01\/Gambon-2-300x300.jpg 300w, https:\/\/staging.144.ch\/wp-content\/uploads\/2021\/01\/Gambon-2-80x80.jpg 80w, https:\/\/staging.144.ch\/wp-content\/uploads\/2021\/01\/Gambon-2-36x36.jpg 36w, https:\/\/staging.144.ch\/wp-content\/uploads\/2021\/01\/Gambon-2-180x180.jpg 180w, https:\/\/staging.144.ch\/wp-content\/uploads\/2021\/01\/Gambon-2-100x100.jpg 100w\" sizes=\"(max-width: 500px) 100vw, 500px\" \/><\/div><\/div><\/div><br \/>\n\n<style type=\"text\/css\" data-created_by=\"avia_inline_auto\" id=\"style-css-av-119e38v-102998be33a3b08626266200f0de9013\">\n#top .av-special-heading.av-119e38v-102998be33a3b08626266200f0de9013{\npadding-bottom:10px;\n}\nbody .av-special-heading.av-119e38v-102998be33a3b08626266200f0de9013 .av-special-heading-tag .heading-char{\nfont-size:25px;\n}\n.av-special-heading.av-119e38v-102998be33a3b08626266200f0de9013 .av-subheading{\nfont-size:15px;\n}\n<\/style>\n<div  class='av-special-heading av-119e38v-102998be33a3b08626266200f0de9013 av-special-heading-h4 blockquote modern-quote modern-centered  avia-builder-el-21  el_after_av_image  el_before_av_hr'><h4 class='av-special-heading-tag'  >Jean-Pierre Gambon<\/h4><div class=\"special-heading-border\"><div class=\"special-heading-inner-border\"><\/div><\/div><\/div><br \/>\n\n<style type=\"text\/css\" data-created_by=\"avia_inline_auto\" id=\"style-css-av-kb6wsd6l-6-81a70956cec0d60bdf6a533894047acf\">\n#top .hr.av-kb6wsd6l-6-81a70956cec0d60bdf6a533894047acf{\nmargin-top:15px;\nmargin-bottom:20px;\n}\n.hr.av-kb6wsd6l-6-81a70956cec0d60bdf6a533894047acf .hr-inner{\nwidth:100px;\nborder-color:#000000;\n}\n<\/style>\n<div  class='hr av-kb6wsd6l-6-81a70956cec0d60bdf6a533894047acf hr-custom  avia-builder-el-22  el_after_av_heading  el_before_av_textblock  hr-center hr-icon-no'><span class='hr-inner inner-border-av-border-fat'><span class=\"hr-inner-style\"><\/span><\/span><\/div><br \/>\n<section  class='av_textblock_section av-k99zq9fs-5-c8b5ae1a178f5ad37b7bae7fe6aa4de4'  ><div class='avia_textblock' ><p style=\"text-align: center;\">Chef du groupe sp\u00e9cialis\u00e9 \u00abService de sauvetage \/ transport de patients\u00bb<br \/>\nService de sauvetage de Bienne<\/p>\n<\/div><\/section><\/p><\/div><\/p>\n\n<style type=\"text\/css\" data-created_by=\"avia_inline_auto\" id=\"style-css-av-oqv7me-4-944baf3f71df99aff0f3ad93c2b15547\">\n#top .flex_column.av-oqv7me-4-944baf3f71df99aff0f3ad93c2b15547{\nmargin-top:35px;\nmargin-bottom:30px;\n}\n.flex_column.av-oqv7me-4-944baf3f71df99aff0f3ad93c2b15547{\nborder-radius:0px 0px 0px 0px;\npadding:0px 0px 0px 0px;\n}\n.responsive #top #wrap_all .flex_column.av-oqv7me-4-944baf3f71df99aff0f3ad93c2b15547{\nmargin-top:35px;\nmargin-bottom:30px;\n}\n<\/style>\n<div  class='flex_column av-oqv7me-4-944baf3f71df99aff0f3ad93c2b15547 av_one_third  avia-builder-el-24  el_after_av_one_third  avia-builder-el-last  flex_column_div av-animated-generic right-to-left av-zero-column-padding  column-top-margin'     ><p>\n<style type=\"text\/css\" data-created_by=\"avia_inline_auto\" id=\"style-css-av-k99zsfxs-3-9470a335d84a9cf0363759faae1146b2\">\n.avia-image-container.av-k99zsfxs-3-9470a335d84a9cf0363759faae1146b2 img.avia_image{\nbox-shadow:none;\n}\n.avia-image-container.av-k99zsfxs-3-9470a335d84a9cf0363759faae1146b2 .av-image-caption-overlay-center{\ncolor:#ffffff;\n}\n<\/style>\n<div  class='avia-image-container av-k99zsfxs-3-9470a335d84a9cf0363759faae1146b2 av-styling-circle avia-align-center  avia-builder-el-25  el_before_av_heading  avia-builder-el-first'  ><div class=\"avia-image-container-inner\"><div class=\"avia-image-overlay-wrap\"><img decoding=\"async\" class='wp-image-22709 avia-img-lazy-loading-not-22709 avia_image' src=\"https:\/\/staging.144.ch\/wp-content\/uploads\/2021\/01\/Helge-Regener.jpg\" alt='' title='Helge-Regener'  height=\"500\" width=\"500\" srcset=\"https:\/\/staging.144.ch\/wp-content\/uploads\/2021\/01\/Helge-Regener.jpg 500w, https:\/\/staging.144.ch\/wp-content\/uploads\/2021\/01\/Helge-Regener-300x300.jpg 300w, https:\/\/staging.144.ch\/wp-content\/uploads\/2021\/01\/Helge-Regener-80x80.jpg 80w, https:\/\/staging.144.ch\/wp-content\/uploads\/2021\/01\/Helge-Regener-36x36.jpg 36w, https:\/\/staging.144.ch\/wp-content\/uploads\/2021\/01\/Helge-Regener-180x180.jpg 180w, https:\/\/staging.144.ch\/wp-content\/uploads\/2021\/01\/Helge-Regener-100x100.jpg 100w\" sizes=\"(max-width: 500px) 100vw, 500px\" \/><\/div><\/div><\/div><br \/>\n\n<style type=\"text\/css\" data-created_by=\"avia_inline_auto\" id=\"style-css-av-t6sevj-38535b982a20d8b67e50449ddb407678\">\n#top .av-special-heading.av-t6sevj-38535b982a20d8b67e50449ddb407678{\npadding-bottom:10px;\n}\nbody .av-special-heading.av-t6sevj-38535b982a20d8b67e50449ddb407678 .av-special-heading-tag .heading-char{\nfont-size:25px;\n}\n.av-special-heading.av-t6sevj-38535b982a20d8b67e50449ddb407678 .av-subheading{\nfont-size:15px;\n}\n<\/style>\n<div  class='av-special-heading av-t6sevj-38535b982a20d8b67e50449ddb407678 av-special-heading-h4 blockquote modern-quote modern-centered  avia-builder-el-26  el_after_av_image  el_before_av_hr'><h4 class='av-special-heading-tag'  >Helge Regener<\/h4><div class=\"special-heading-border\"><div class=\"special-heading-inner-border\"><\/div><\/div><\/div><br \/>\n\n<style type=\"text\/css\" data-created_by=\"avia_inline_auto\" id=\"style-css-av-kb6wsd6l-2-a71a94a7852b0988ac084415a44dede2\">\n#top .hr.av-kb6wsd6l-2-a71a94a7852b0988ac084415a44dede2{\nmargin-top:15px;\nmargin-bottom:20px;\n}\n.hr.av-kb6wsd6l-2-a71a94a7852b0988ac084415a44dede2 .hr-inner{\nwidth:100px;\nborder-color:#000000;\n}\n<\/style>\n<div  class='hr av-kb6wsd6l-2-a71a94a7852b0988ac084415a44dede2 hr-custom  avia-builder-el-27  el_after_av_heading  el_before_av_textblock  hr-center hr-icon-no'><span class='hr-inner inner-border-av-border-fat'><span class=\"hr-inner-style\"><\/span><\/span><\/div><br \/>\n<section  class='av_textblock_section av-k99zq9fs-1-c5a873ca3b9e4bcee334a0063639c762'  ><div class='avia_textblock' ><p style=\"text-align: center;\">Responsable du groupe sp\u00e9cialis\u00e9 \u00abD\u00e9veloppement\u00bb<br \/>\nSirmed, Nottwil<\/p>\n<\/div><\/section><\/p><\/div>","protected":false},"excerpt":{"rendered":"","protected":false},"author":1,"featured_media":0,"parent":14715,"menu_order":4,"comment_status":"closed","ping_status":"closed","template":"","meta":{"_seopress_robots_primary_cat":"","footnotes":""},"folder":[],"acf":[],"_links":{"self":[{"href":"https:\/\/staging.144.ch\/fr\/wp-json\/wp\/v2\/pages\/22447"}],"collection":[{"href":"https:\/\/staging.144.ch\/fr\/wp-json\/wp\/v2\/pages"}],"about":[{"href":"https:\/\/staging.144.ch\/fr\/wp-json\/wp\/v2\/types\/page"}],"author":[{"embeddable":true,"href":"https:\/\/staging.144.ch\/fr\/wp-json\/wp\/v2\/users\/1"}],"replies":[{"embeddable":true,"href":"https:\/\/staging.144.ch\/fr\/wp-json\/wp\/v2\/comments?post=22447"}],"version-history":[{"count":4,"href":"https:\/\/staging.144.ch\/fr\/wp-json\/wp\/v2\/pages\/22447\/revisions"}],"predecessor-version":[{"id":37069,"href":"https:\/\/staging.144.ch\/fr\/wp-json\/wp\/v2\/pages\/22447\/revisions\/37069"}],"up":[{"embeddable":true,"href":"https:\/\/staging.144.ch\/fr\/wp-json\/wp\/v2\/pages\/14715"}],"wp:attachment":[{"href":"https:\/\/staging.144.ch\/fr\/wp-json\/wp\/v2\/media?parent=22447"}],"wp:term":[{"taxonomy":"folder","embeddable":true,"href":"https:\/\/staging.144.ch\/fr\/wp-json\/wp\/v2\/folder?post=22447"}],"curies":[{"name":"wp","href":"https:\/\/api.w.org\/{rel}","templated":true}]}}