{"id":28216,"date":"2022-03-15T14:31:26","date_gmt":"2022-03-15T13:31:26","guid":{"rendered":"https:\/\/ivr-ias.aretiswebseiten.ch\/?post_type=product&#038;p=28216"},"modified":"2023-11-10T15:37:00","modified_gmt":"2023-11-10T14:37:00","slug":"neu-smedrix-3-2-basic-2021-fr","status":"publish","type":"product","link":"https:\/\/staging.144.ch\/fr\/produit\/neu-smedrix-3-2-basic-2021-fr\/","title":{"rendered":"NOUVEAU ! SMEDRIX 3.2 Basic Fran\u00e7ais"},"content":{"rendered":"<p>Algorithmes pour les secouristes non professionnels selon GUIDELINES 2021<br \/>\n\u00c9dition : Fran\u00e7ais<br \/>\nDisponible \u00e9galement en allemand et en italien<\/p>","protected":false},"excerpt":{"rendered":"<p>Algorithmen f\u00fcr Laienhelfer gem\u00e4ss GUIDELINES 2021 Ausgabe: Franz\u00f6sich Auch erh\u00e4tlich in deutsch &amp; italienisch<\/p>","protected":false},"featured_media":28218,"comment_status":"closed","ping_status":"closed","template":"","meta":{"_seopress_robots_primary_cat":"none"},"product_cat":[41],"product_tag":[],"acf":[],"_links":{"self":[{"href":"https:\/\/staging.144.ch\/fr\/wp-json\/wp\/v2\/product\/28216"}],"collection":[{"href":"https:\/\/staging.144.ch\/fr\/wp-json\/wp\/v2\/product"}],"about":[{"href":"https:\/\/staging.144.ch\/fr\/wp-json\/wp\/v2\/types\/product"}],"replies":[{"embeddable":true,"href":"https:\/\/staging.144.ch\/fr\/wp-json\/wp\/v2\/comments?post=28216"}],"wp:featuredmedia":[{"embeddable":true,"href":"https:\/\/staging.144.ch\/fr\/wp-json\/wp\/v2\/media\/28218"}],"wp:attachment":[{"href":"https:\/\/staging.144.ch\/fr\/wp-json\/wp\/v2\/media?parent=28216"}],"wp:term":[{"taxonomy":"product_cat","embeddable":true,"href":"https:\/\/staging.144.ch\/fr\/wp-json\/wp\/v2\/product_cat?post=28216"},{"taxonomy":"product_tag","embeddable":true,"href":"https:\/\/staging.144.ch\/fr\/wp-json\/wp\/v2\/product_tag?post=28216"}],"curies":[{"name":"wp","href":"https:\/\/api.w.org\/{rel}","templated":true}]}}