{"id":28288,"date":"2022-03-15T15:31:15","date_gmt":"2022-03-15T14:31:15","guid":{"rendered":"https:\/\/ivr-ias.aretiswebseiten.ch\/produkt\/aufkleber-150-mm-durchsichtig-1-stk-copy\/"},"modified":"2023-06-02T08:34:03","modified_gmt":"2023-06-02T06:34:03","slug":"aufkleber-150-mm-durchsichtig-1-stk-copy","status":"publish","type":"product","link":"https:\/\/staging.144.ch\/fr\/produit\/aufkleber-150-mm-durchsichtig-1-stk-copy\/","title":{"rendered":"Autocollant 180mm \u00abEmergency Call 144\u00bb"},"content":{"rendered":"<div class=\"description\">\n<p><strong>Autocollant rond<\/strong><br \/>\n\u00d8 = 180 mm<\/p>\n<p><strong>Uniquement pour les centrales d'appels sanitaires urgents reconnues par l'IAS 144 !<br \/>\n<\/strong>Disponible uniquement en anglais.<strong><br \/>\n<\/strong><\/p>\n<p>&nbsp;<\/p>\n<\/div>","protected":false},"excerpt":{"rendered":"<p>Runder Aufkleber \u00d8 = 180 mm Nur f\u00fcr IVR anerkannte Sanit\u00e4tsnotrufzentralen 144! Nur in englisch erh\u00e4tlich. &nbsp;<\/p>","protected":false},"featured_media":28291,"comment_status":"closed","ping_status":"closed","template":"","meta":{"_seopress_robots_primary_cat":"none"},"product_cat":[41],"product_tag":[],"acf":[],"_links":{"self":[{"href":"https:\/\/staging.144.ch\/fr\/wp-json\/wp\/v2\/product\/28288"}],"collection":[{"href":"https:\/\/staging.144.ch\/fr\/wp-json\/wp\/v2\/product"}],"about":[{"href":"https:\/\/staging.144.ch\/fr\/wp-json\/wp\/v2\/types\/product"}],"replies":[{"embeddable":true,"href":"https:\/\/staging.144.ch\/fr\/wp-json\/wp\/v2\/comments?post=28288"}],"wp:featuredmedia":[{"embeddable":true,"href":"https:\/\/staging.144.ch\/fr\/wp-json\/wp\/v2\/media\/28291"}],"wp:attachment":[{"href":"https:\/\/staging.144.ch\/fr\/wp-json\/wp\/v2\/media?parent=28288"}],"wp:term":[{"taxonomy":"product_cat","embeddable":true,"href":"https:\/\/staging.144.ch\/fr\/wp-json\/wp\/v2\/product_cat?post=28288"},{"taxonomy":"product_tag","embeddable":true,"href":"https:\/\/staging.144.ch\/fr\/wp-json\/wp\/v2\/product_tag?post=28288"}],"curies":[{"name":"wp","href":"https:\/\/api.w.org\/{rel}","templated":true}]}}