{"id":28310,"date":"2022-03-15T16:19:20","date_gmt":"2022-03-15T15:19:20","guid":{"rendered":"https:\/\/ivr-ias.aretiswebseiten.ch\/?post_type=product&#038;p=28310"},"modified":"2023-06-02T08:34:32","modified_gmt":"2023-06-02T06:34:32","slug":"aufkleber-250mm-ambulance-service","status":"publish","type":"product","link":"https:\/\/staging.144.ch\/fr\/produit\/aufkleber-250mm-ambulance-service\/","title":{"rendered":"Autocollant 250mm \u00abService d'ambulance\u00bb"},"content":{"rendered":"<p><strong>Autocollant rond<\/strong><br \/>\n\u00d8 = 250 mm<\/p>\n<p>Arri\u00e8re-plan : blanc<br \/>\nConvient pour l'ext\u00e9rieur (v\u00e9hicules) comme pour l'int\u00e9rieur<\/p>\n<p><strong>Uniquement pour les services de secours reconnus par l'IAS !<br \/>\n<\/strong>Disponible uniquement en anglais<\/p>","protected":false},"excerpt":{"rendered":"<p>Runder Aufkleber \u00d8 = 250 mm Hintergrund: Weiss F\u00fcr draussen (Fahrzeuge) wie innen geeignet Nur f\u00fcr IVR anerkannte Rettungsdienste! Nur in englisch erh\u00e4tlich<\/p>","protected":false},"featured_media":28207,"comment_status":"closed","ping_status":"closed","template":"","meta":{"_seopress_robots_primary_cat":"none"},"product_cat":[41],"product_tag":[],"acf":[],"_links":{"self":[{"href":"https:\/\/staging.144.ch\/fr\/wp-json\/wp\/v2\/product\/28310"}],"collection":[{"href":"https:\/\/staging.144.ch\/fr\/wp-json\/wp\/v2\/product"}],"about":[{"href":"https:\/\/staging.144.ch\/fr\/wp-json\/wp\/v2\/types\/product"}],"replies":[{"embeddable":true,"href":"https:\/\/staging.144.ch\/fr\/wp-json\/wp\/v2\/comments?post=28310"}],"wp:featuredmedia":[{"embeddable":true,"href":"https:\/\/staging.144.ch\/fr\/wp-json\/wp\/v2\/media\/28207"}],"wp:attachment":[{"href":"https:\/\/staging.144.ch\/fr\/wp-json\/wp\/v2\/media?parent=28310"}],"wp:term":[{"taxonomy":"product_cat","embeddable":true,"href":"https:\/\/staging.144.ch\/fr\/wp-json\/wp\/v2\/product_cat?post=28310"},{"taxonomy":"product_tag","embeddable":true,"href":"https:\/\/staging.144.ch\/fr\/wp-json\/wp\/v2\/product_tag?post=28310"}],"curies":[{"name":"wp","href":"https:\/\/api.w.org\/{rel}","templated":true}]}}