{"id":28352,"date":"2022-03-15T17:22:00","date_gmt":"2022-03-15T16:22:00","guid":{"rendered":"https:\/\/ivr-ias.aretiswebseiten.ch\/?post_type=product&#038;p=28352"},"modified":"2023-11-09T16:04:56","modified_gmt":"2023-11-09T15:04:56","slug":"einsatzprotokoll-ivr-deutsch","status":"publish","type":"product","link":"https:\/\/staging.144.ch\/fr\/produit\/einsatzprotokoll-ivr-deutsch\/","title":{"rendered":"Protocole d'intervention IVR allemand"},"content":{"rendered":"<p><strong>!!!Produit de fin de s\u00e9rie, ne sera plus fabriqu\u00e9 apr\u00e8s le d\u00e9stockage !<\/strong><\/p>\n<p>Bloc de 50 protocoles<\/p>\n<p>Chacune en trois exemplaires avec intercalaire en carton et explications.<\/p>","protected":false},"excerpt":{"rendered":"<p>!!!Auslaufprodukt, wird nach dem Abverkauf nicht mehr hergestellt!! Block mit 50 Protokollen Jeweils in dreifacher Ausf\u00fchrung mit Kartonzwischenblatt und Erl\u00e4uterungen.<\/p>","protected":false},"featured_media":28333,"comment_status":"closed","ping_status":"closed","template":"","meta":{"_seopress_robots_primary_cat":"none"},"product_cat":[41],"product_tag":[],"acf":[],"_links":{"self":[{"href":"https:\/\/staging.144.ch\/fr\/wp-json\/wp\/v2\/product\/28352"}],"collection":[{"href":"https:\/\/staging.144.ch\/fr\/wp-json\/wp\/v2\/product"}],"about":[{"href":"https:\/\/staging.144.ch\/fr\/wp-json\/wp\/v2\/types\/product"}],"replies":[{"embeddable":true,"href":"https:\/\/staging.144.ch\/fr\/wp-json\/wp\/v2\/comments?post=28352"}],"wp:featuredmedia":[{"embeddable":true,"href":"https:\/\/staging.144.ch\/fr\/wp-json\/wp\/v2\/media\/28333"}],"wp:attachment":[{"href":"https:\/\/staging.144.ch\/fr\/wp-json\/wp\/v2\/media?parent=28352"}],"wp:term":[{"taxonomy":"product_cat","embeddable":true,"href":"https:\/\/staging.144.ch\/fr\/wp-json\/wp\/v2\/product_cat?post=28352"},{"taxonomy":"product_tag","embeddable":true,"href":"https:\/\/staging.144.ch\/fr\/wp-json\/wp\/v2\/product_tag?post=28352"}],"curies":[{"name":"wp","href":"https:\/\/api.w.org\/{rel}","templated":true}]}}