{"id":29428,"date":"2022-05-02T09:14:08","date_gmt":"2022-05-02T07:14:08","guid":{"rendered":"https:\/\/ivr-ias.aretiswebseiten.ch\/?post_type=product&#038;p=29428"},"modified":"2023-09-13T16:51:40","modified_gmt":"2023-09-13T14:51:40","slug":"bonbonschachtel","status":"publish","type":"product","link":"https:\/\/staging.144.ch\/fr\/produit\/bonbonschachtel\/","title":{"rendered":"Bo\u00eete \u00e0 bonbons"},"content":{"rendered":"<p>Bo\u00eete \u00e0 bonbons<\/p>","protected":false},"excerpt":{"rendered":"<p>Bo\u00eete \u00e0 bonbons<\/p>","protected":false},"featured_media":35835,"comment_status":"closed","ping_status":"closed","template":"","meta":{"_seopress_robots_primary_cat":"none"},"product_cat":[41],"product_tag":[],"acf":[],"_links":{"self":[{"href":"https:\/\/staging.144.ch\/fr\/wp-json\/wp\/v2\/product\/29428"}],"collection":[{"href":"https:\/\/staging.144.ch\/fr\/wp-json\/wp\/v2\/product"}],"about":[{"href":"https:\/\/staging.144.ch\/fr\/wp-json\/wp\/v2\/types\/product"}],"replies":[{"embeddable":true,"href":"https:\/\/staging.144.ch\/fr\/wp-json\/wp\/v2\/comments?post=29428"}],"wp:featuredmedia":[{"embeddable":true,"href":"https:\/\/staging.144.ch\/fr\/wp-json\/wp\/v2\/media\/35835"}],"wp:attachment":[{"href":"https:\/\/staging.144.ch\/fr\/wp-json\/wp\/v2\/media?parent=29428"}],"wp:term":[{"taxonomy":"product_cat","embeddable":true,"href":"https:\/\/staging.144.ch\/fr\/wp-json\/wp\/v2\/product_cat?post=29428"},{"taxonomy":"product_tag","embeddable":true,"href":"https:\/\/staging.144.ch\/fr\/wp-json\/wp\/v2\/product_tag?post=29428"}],"curies":[{"name":"wp","href":"https:\/\/api.w.org\/{rel}","templated":true}]}}