{"id":33037,"date":"2023-01-30T13:53:37","date_gmt":"2023-01-30T12:53:37","guid":{"rendered":"https:\/\/ivr-ias.aretis-staging.ch\/produkt\/smedrix-3-2-advanced-francais\/"},"modified":"2023-09-21T15:05:54","modified_gmt":"2023-09-21T13:05:54","slug":"smedrix-3-2-advanced-francais","status":"publish","type":"product","link":"https:\/\/staging.144.ch\/fr\/produit\/smedrix-3-2-advanced-francais\/","title":{"rendered":"SMEDRIX 3.2 Fran\u00e7ais avanc\u00e9"},"content":{"rendered":"<p>Algorithmes pour professionnels lors de situations d`urgences pr\u00e9hospitali\u00e8res<br \/>\nLangue : FR<\/p>","protected":false},"excerpt":{"rendered":"<p>Algorithmes pour professionnels lors de situations d`urgences pr\u00e9hospitali\u00e8res Langue : FR<\/p>","protected":false},"featured_media":33030,"comment_status":"closed","ping_status":"closed","template":"","meta":{"_seopress_robots_primary_cat":"none"},"product_cat":[80],"product_tag":[],"acf":[],"_links":{"self":[{"href":"https:\/\/staging.144.ch\/fr\/wp-json\/wp\/v2\/product\/33037"}],"collection":[{"href":"https:\/\/staging.144.ch\/fr\/wp-json\/wp\/v2\/product"}],"about":[{"href":"https:\/\/staging.144.ch\/fr\/wp-json\/wp\/v2\/types\/product"}],"replies":[{"embeddable":true,"href":"https:\/\/staging.144.ch\/fr\/wp-json\/wp\/v2\/comments?post=33037"}],"wp:featuredmedia":[{"embeddable":true,"href":"https:\/\/staging.144.ch\/fr\/wp-json\/wp\/v2\/media\/33030"}],"wp:attachment":[{"href":"https:\/\/staging.144.ch\/fr\/wp-json\/wp\/v2\/media?parent=33037"}],"wp:term":[{"taxonomy":"product_cat","embeddable":true,"href":"https:\/\/staging.144.ch\/fr\/wp-json\/wp\/v2\/product_cat?post=33037"},{"taxonomy":"product_tag","embeddable":true,"href":"https:\/\/staging.144.ch\/fr\/wp-json\/wp\/v2\/product_tag?post=33037"}],"curies":[{"name":"wp","href":"https:\/\/api.w.org\/{rel}","templated":true}]}}