{"id":35249,"date":"2023-06-02T08:10:04","date_gmt":"2023-06-02T06:10:04","guid":{"rendered":"https:\/\/www.ivr-ias.ch\/?post_type=product&#038;p=35249"},"modified":"2023-10-26T13:27:27","modified_gmt":"2023-10-26T11:27:27","slug":"new-aufkleber-180mm-ambulance-service-new","status":"publish","type":"product","link":"https:\/\/staging.144.ch\/fr\/produit\/new-aufkleber-180mm-ambulance-service-new\/","title":{"rendered":"NEW-AUTOCOLLANT 180MM \u201eSERVICE D'AMBULANCE\u201c-NEW"},"content":{"rendered":"<p>\u00d8 = 180 mm<\/p>\n<p>Fond : Transparent<br \/>\nConvient pour l'ext\u00e9rieur (v\u00e9hicules) comme pour l'int\u00e9rieur<\/p>\n<p>Uniquement pour les services de secours reconnus par l'IAS !<br \/>\nDisponible uniquement en anglais<\/p>","protected":false},"excerpt":{"rendered":"<p>\u00d8 = 180 mm Hintergrund: Transparent F\u00fcr draussen (Fahrzeuge) wie innen geeignet Nur f\u00fcr IVR anerkannte Rettungsdienste! Nur in englisch erh\u00e4tlich<\/p>","protected":false},"featured_media":28207,"comment_status":"closed","ping_status":"closed","template":"","meta":{"_seopress_robots_primary_cat":""},"product_cat":[41],"product_tag":[],"acf":[],"_links":{"self":[{"href":"https:\/\/staging.144.ch\/fr\/wp-json\/wp\/v2\/product\/35249"}],"collection":[{"href":"https:\/\/staging.144.ch\/fr\/wp-json\/wp\/v2\/product"}],"about":[{"href":"https:\/\/staging.144.ch\/fr\/wp-json\/wp\/v2\/types\/product"}],"replies":[{"embeddable":true,"href":"https:\/\/staging.144.ch\/fr\/wp-json\/wp\/v2\/comments?post=35249"}],"wp:featuredmedia":[{"embeddable":true,"href":"https:\/\/staging.144.ch\/fr\/wp-json\/wp\/v2\/media\/28207"}],"wp:attachment":[{"href":"https:\/\/staging.144.ch\/fr\/wp-json\/wp\/v2\/media?parent=35249"}],"wp:term":[{"taxonomy":"product_cat","embeddable":true,"href":"https:\/\/staging.144.ch\/fr\/wp-json\/wp\/v2\/product_cat?post=35249"},{"taxonomy":"product_tag","embeddable":true,"href":"https:\/\/staging.144.ch\/fr\/wp-json\/wp\/v2\/product_tag?post=35249"}],"curies":[{"name":"wp","href":"https:\/\/api.w.org\/{rel}","templated":true}]}}