{"id":14781,"date":"2020-06-08T22:52:35","date_gmt":"2020-06-08T20:52:35","guid":{"rendered":"https:\/\/rettung.aretis.ch\/?page_id=14781"},"modified":"2022-05-30T10:22:09","modified_gmt":"2022-05-30T08:22:09","slug":"partner","status":"publish","type":"page","link":"https:\/\/staging.144.ch\/it\/partner\/","title":{"rendered":"I partner"},"content":{"rendered":"<style type=\"text\/css\" data-created_by=\"avia_inline_auto\" id=\"style-css-av-q5lck3-717be0960e364f211e6f87d023ba2951\">\n.avia-section.av-q5lck3-717be0960e364f211e6f87d023ba2951 .av-extra-border-element .av-extra-border-inner{\nbackground-color:#ffffff;\n}\n<\/style>\n<div id='av_section_1'  class='avia-section av-q5lck3-717be0960e364f211e6f87d023ba2951 main_color avia-section-huge avia-no-border-styling  avia-builder-el-0  el_before_av_section  avia-builder-el-first  avia-bg-style-scroll av-arrow-down-section container_wrap fullsize'  ><div class='container av-section-cont-open' ><main  class='template-page content  av-content-full alpha units'><div class='post-entry post-entry-type-page post-entry-14781'><div class='entry-content-wrapper clearfix'>\n\n<style type=\"text\/css\" data-created_by=\"avia_inline_auto\" id=\"style-css-av-kewsdqhy-41588f17eb7e0636f657c6670105a661\">\n#top .av-special-heading.av-kewsdqhy-41588f17eb7e0636f657c6670105a661{\npadding-bottom:10px;\n}\nbody .av-special-heading.av-kewsdqhy-41588f17eb7e0636f657c6670105a661 .av-special-heading-tag .heading-char{\nfont-size:25px;\n}\n.av-special-heading.av-kewsdqhy-41588f17eb7e0636f657c6670105a661 .av-subheading{\nfont-size:15px;\n}\n<\/style>\n<div  class='av-special-heading av-kewsdqhy-41588f17eb7e0636f657c6670105a661 av-special-heading-h1 blockquote modern-quote modern-centered  avia-builder-el-1  el_before_av_hr  avia-builder-el-first  av-thin-font'><h1 class='av-special-heading-tag'  >Il nostro <strong>Partner<\/strong> <\/h1><div class='av-subheading av-subheading_below'><p>Relazioni basate sulla partnership<\/p>\n<\/div><div class=\"special-heading-border\"><div class=\"special-heading-inner-border\"><\/div><\/div><\/div>\n\n<style type=\"text\/css\" data-created_by=\"avia_inline_auto\" id=\"style-css-av-kb6hhq2e-3ad4693bcbc63eca39c7d08d0802742b\">\n#top .hr.av-kb6hhq2e-3ad4693bcbc63eca39c7d08d0802742b{\nmargin-top:30px;\nmargin-bottom:30px;\n}\n.hr.av-kb6hhq2e-3ad4693bcbc63eca39c7d08d0802742b .hr-inner{\nwidth:100px;\nborder-color:#0e0e0e;\nmax-width:45%;\n}\n.hr.av-kb6hhq2e-3ad4693bcbc63eca39c7d08d0802742b .av-seperator-icon{\ncolor:#0e0e0e;\n}\n<\/style>\n<div  class='hr av-kb6hhq2e-3ad4693bcbc63eca39c7d08d0802742b hr-custom  avia-builder-el-2  el_after_av_heading  el_before_av_one_half  hr-center hr-icon-yes'><span class='hr-inner inner-border-av-border-fat'><span class=\"hr-inner-style\"><\/span><\/span><span class='av-seperator-icon' aria-hidden='true' data-av_icon='\ue809' data-av_iconfont='fontello'><\/span><span class='hr-inner inner-border-av-border-fat'><span class=\"hr-inner-style\"><\/span><\/span><\/div>\n\n<style type=\"text\/css\" data-created_by=\"avia_inline_auto\" id=\"style-css-av-kb6wq2hy-d61931e081426d3da9bd0527f7d391ca\">\n#top .flex_column.av-kb6wq2hy-d61931e081426d3da9bd0527f7d391ca{\nmargin-top:30px;\nmargin-bottom:0px;\n}\n.flex_column.av-kb6wq2hy-d61931e081426d3da9bd0527f7d391ca{\nborder-radius:0px 0px 0px 0px;\npadding:0px 0px 0px 0px;\n}\n.responsive #top #wrap_all .flex_column.av-kb6wq2hy-d61931e081426d3da9bd0527f7d391ca{\nmargin-top:30px;\nmargin-bottom:0px;\n}\n<\/style>\n<div  class='flex_column av-kb6wq2hy-d61931e081426d3da9bd0527f7d391ca av_one_half  avia-builder-el-3  el_after_av_hr  el_before_av_one_half  first flex_column_div av-animated-generic left-to-right av-zero-column-padding'     ><article  class='iconbox iconbox_left av-kbalhhf7-f3cec2e37aca0c961cfdb332aadfb80e  avia-builder-el-4  avia-builder-el-no-sibling' ><div class=\"iconbox_content\"><header class=\"entry-content-header\"><div class=\"iconbox_icon heading-color\" aria-hidden='true' data-av_icon='\ue864' data-av_iconfont='entypo-fontello'><\/div><h3 class='iconbox_content_title' >Soluzioni congiunte<\/h3><\/header><div class='iconbox_content_container' ><p>L'IVR si considera rappresentante degli interessi dell'intera catena di soccorso. Affinch\u00e9 questo venga riconosciuto di conseguenza, \u00e8 necessario sviluppare soluzioni congiunte con le persone coinvolte. A tal fine, l'IVR coltiva attivamente un rapporto di partnership con i vari gruppi di stakeholder.<\/p>\n<\/div><\/div><footer class=\"entry-footer\"><\/footer><\/article><\/div>\n<style type=\"text\/css\" data-created_by=\"avia_inline_auto\" id=\"style-css-av-kb6wq2hy-cb903e7df74b1561de769b6326d86dc0\">\n#top .flex_column.av-kb6wq2hy-cb903e7df74b1561de769b6326d86dc0{\nmargin-top:30px;\nmargin-bottom:0px;\n}\n.flex_column.av-kb6wq2hy-cb903e7df74b1561de769b6326d86dc0{\nborder-radius:0px 0px 0px 0px;\npadding:0px 0px 0px 0px;\n}\n.responsive #top #wrap_all .flex_column.av-kb6wq2hy-cb903e7df74b1561de769b6326d86dc0{\nmargin-top:30px;\nmargin-bottom:0px;\n}\n<\/style>\n<div  class='flex_column av-kb6wq2hy-cb903e7df74b1561de769b6326d86dc0 av_one_half  avia-builder-el-5  el_after_av_one_half  avia-builder-el-last  flex_column_div av-animated-generic left-to-right av-zero-column-padding'     ><article  class='iconbox iconbox_left av-kbalhhf7-b8aa6e1f6d25a711a37b6dad0b258775  avia-builder-el-6  avia-builder-el-no-sibling' ><div class=\"iconbox_content\"><header class=\"entry-content-header\"><div class=\"iconbox_icon heading-color\" aria-hidden='true' data-av_icon='\ue82b' data-av_iconfont='entypo-fontello'><\/div><h3 class='iconbox_content_title' >Fornitura ottimale<\/h3><\/header><div class='iconbox_content_container' ><p>Questo dovrebbe assicurare che vengano create le condizioni a livello politico, strategico e operativo per garantire un'assistenza ottimale. Ci\u00f2 consente di mettere in comune le risorse e di sfruttare le sinergie comuni.<\/p>\n<\/div><\/div><footer class=\"entry-footer\"><\/footer><\/article><\/div>\n\n<\/div><\/div><\/main><!-- close content main element --><\/div><div class='av-extra-border-element border-extra-arrow-down'><div class='av-extra-border-outer'><div class='av-extra-border-inner'><\/div><\/div><\/div><\/div>\n<style type=\"text\/css\" data-created_by=\"avia_inline_auto\" id=\"style-css-av-kb859zwl-08e3ffc759d4e7338cb842881941718a\">\n.avia-section.av-kb859zwl-08e3ffc759d4e7338cb842881941718a .av-parallax .av-parallax-inner{\nbackground-repeat:no-repeat;\nbackground-image:url(https:\/\/staging.144.ch\/wp-content\/uploads\/2020\/06\/geschaeftsstelle_parallax.jpg);\nbackground-position:50% 50%;\nbackground-attachment:scroll;\n}\n.avia-section.av-kb859zwl-08e3ffc759d4e7338cb842881941718a .av-section-color-overlay{\nopacity:0.3;\nbackground-color:#000000;\n}\n<\/style>\n<div id='av_section_2'  class='avia-section av-kb859zwl-08e3ffc759d4e7338cb842881941718a main_color avia-section-huge avia-no-border-styling  avia-builder-el-7  el_after_av_section  avia-builder-el-last  av-parallax-section avia-bg-style-parallax av-section-color-overlay-active container_wrap fullsize'  data-section-bg-repeat='no-repeat'><div class='av-parallax' data-avia-parallax-ratio='0.3' ><div class='av-parallax-inner main_color avia-full-stretch'><\/div><\/div><div class=\"av-section-color-overlay-wrap\"><div class=\"av-section-color-overlay\"><\/div><div class='container av-section-cont-open' ><div class='template-page content  av-content-full alpha units'><div class='post-entry post-entry-type-page post-entry-14781'><div class='entry-content-wrapper clearfix'>\n\n<style type=\"text\/css\" data-created_by=\"avia_inline_auto\" id=\"style-css-av-ov9toz-7fbbb8d5c5a25ddf074926a949d9ffcc\">\n.flex_column.av-ov9toz-7fbbb8d5c5a25ddf074926a949d9ffcc{\nborder-radius:0px 0px 0px 0px;\npadding:0px 0px 0px 0px;\n}\n<\/style>\n<div  class='flex_column av-ov9toz-7fbbb8d5c5a25ddf074926a949d9ffcc av_one_full  avia-builder-el-8  el_before_av_one_third  avia-builder-el-first  first flex_column_div av-zero-column-padding'     ><p>\n<style type=\"text\/css\" data-created_by=\"avia_inline_auto\" id=\"style-css-av-av_heading-43cc836bf6a2b400357fb4f2f6c26a3b\">\n#top .av-special-heading.av-av_heading-43cc836bf6a2b400357fb4f2f6c26a3b{\npadding-bottom:10px;\ncolor:#ffffff;\n}\nbody .av-special-heading.av-av_heading-43cc836bf6a2b400357fb4f2f6c26a3b .av-special-heading-tag .heading-char{\nfont-size:25px;\n}\n.av-special-heading.av-av_heading-43cc836bf6a2b400357fb4f2f6c26a3b .special-heading-inner-border{\nborder-color:#ffffff;\n}\n.av-special-heading.av-av_heading-43cc836bf6a2b400357fb4f2f6c26a3b .av-subheading{\nfont-size:15px;\n}\n<\/style>\n<div  class='av-special-heading av-av_heading-43cc836bf6a2b400357fb4f2f6c26a3b av-special-heading-h2 custom-color-heading blockquote modern-quote modern-centered  avia-builder-el-9  el_before_av_hr  avia-builder-el-first  av-thin-font'><h2 class='av-special-heading-tag'  >Insieme <strong>grande<\/strong> raggiungere<\/h2><div class=\"special-heading-border\"><div class=\"special-heading-inner-border\"><\/div><\/div><\/div><br \/>\n\n<style type=\"text\/css\" data-created_by=\"avia_inline_auto\" id=\"style-css-av-kb6wsd6l-8d47a7aea50fb08ad2727fa776f1b092\">\n#top .hr.av-kb6wsd6l-8d47a7aea50fb08ad2727fa776f1b092{\nmargin-top:5px;\nmargin-bottom:15px;\n}\n.hr.av-kb6wsd6l-8d47a7aea50fb08ad2727fa776f1b092 .hr-inner{\nwidth:100px;\nborder-color:#ffffff;\n}\n<\/style>\n<div  class='hr av-kb6wsd6l-8d47a7aea50fb08ad2727fa776f1b092 hr-custom  avia-builder-el-10  el_after_av_heading  avia-builder-el-last  hr-center hr-icon-no'><span class='hr-inner inner-border-av-border-fat'><span class=\"hr-inner-style\"><\/span><\/span><\/div><\/p><\/div><div class='flex_column_table av-1xrnjxv-6c59735a3b22db65e099a7f4ee97ce48 sc-av_one_third av-equal-height-column-flextable'>\n<style type=\"text\/css\" data-created_by=\"avia_inline_auto\" id=\"style-css-av-1xrnjxv-6c59735a3b22db65e099a7f4ee97ce48\">\n.flex_column.av-1xrnjxv-6c59735a3b22db65e099a7f4ee97ce48{\nborder-width:10px;\nborder-color:#ffffff;\nborder-style:solid;\nborder-radius:0px 0px 0px 0px;\npadding:20px 20px 20px 20px;\nbackground-color:#f1f2f2;\n}\n<\/style>\n<div  class='flex_column av-1xrnjxv-6c59735a3b22db65e099a7f4ee97ce48 av_one_third  avia-builder-el-11  el_after_av_one_full  el_before_av_one_third  first no_margin flex_column_table_cell av-equal-height-column av-align-top av-animated-generic pop-up  column-top-margin'     ><style type=\"text\/css\" data-created_by=\"avia_inline_auto\" id=\"style-css-av-av_heading-c98bac7b94f2aca51dcf9606604ba40c\">\n#top .av-special-heading.av-av_heading-c98bac7b94f2aca51dcf9606604ba40c{\npadding-bottom:10px;\n}\nbody .av-special-heading.av-av_heading-c98bac7b94f2aca51dcf9606604ba40c .av-special-heading-tag .heading-char{\nfont-size:25px;\n}\n.av-special-heading.av-av_heading-c98bac7b94f2aca51dcf9606604ba40c .av-subheading{\nfont-size:15px;\n}\n<\/style>\n<div  class='av-special-heading av-av_heading-c98bac7b94f2aca51dcf9606604ba40c av-special-heading-h6  avia-builder-el-12  avia-builder-el-no-sibling'><h6 class='av-special-heading-tag'  >L'ufficio IVR gestisce tutte le questioni importanti dell'IVR.<\/h6><div class=\"special-heading-border\"><div class=\"special-heading-inner-border\"><\/div><\/div><\/div><\/div>\n<style type=\"text\/css\" data-created_by=\"avia_inline_auto\" id=\"style-css-av-1xrnjxv-8b4bacfe3ac62ffc211125cb4be6bcf5\">\n.flex_column.av-1xrnjxv-8b4bacfe3ac62ffc211125cb4be6bcf5{\nborder-radius:0px 0px 0px 0px;\npadding:20px 20px 20px 20px;\nbackground-color:#ffffff;\n}\n<\/style>\n<div  class='flex_column av-1xrnjxv-8b4bacfe3ac62ffc211125cb4be6bcf5 av_one_third  avia-builder-el-13  el_after_av_one_third  el_before_av_one_third  no_margin flex_column_table_cell av-equal-height-column av-align-top av-animated-generic pop-up  column-top-margin'     ><section  class='av_textblock_section av-kbam06xl-10833dd356749b836cc7797cfa7cf653'  ><div class='avia_textblock' ><p>Pu\u00f2 raggiungere il nostro ufficio per telefono dal luned\u00ec al venerd\u00ec dalle 09.00 alle 12.00 e dalle 13.30 alle 16.00 (il venerd\u00ec dalle 09.00 alle 12.00).<br \/>\nSe non riesce a raggiungerci, pu\u00f2 contattarci via e-mail all'indirizzo info@ivr-ias.ch.<\/p>\n<\/div><\/section><\/div>\n<style type=\"text\/css\" data-created_by=\"avia_inline_auto\" id=\"style-css-av-1xrnjxv-b357b425607d6eb902d96ce0ea02f99d\">\n.flex_column.av-1xrnjxv-b357b425607d6eb902d96ce0ea02f99d{\nborder-width:10px;\nborder-color:#ffffff;\nborder-style:solid;\nborder-radius:0px 0px 0px 0px;\npadding:0px 0px 0px 0px;\nbackground-color:#ffffff;\n}\n<\/style>\n<div  class='flex_column av-1xrnjxv-b357b425607d6eb902d96ce0ea02f99d av_one_third  avia-builder-el-15  el_after_av_one_third  avia-builder-el-last  no_margin flex_column_table_cell av-equal-height-column av-align-top av-animated-generic pop-up av-zero-column-padding  column-top-margin'     ><style type=\"text\/css\" data-created_by=\"avia_inline_auto\" id=\"style-css-av-k1jjoz-529d30ed2fa8bd9f17780607077d1889\">\n.avia-image-container.av-k1jjoz-529d30ed2fa8bd9f17780607077d1889 img.avia_image{\nbox-shadow:none;\n}\n.avia-image-container.av-k1jjoz-529d30ed2fa8bd9f17780607077d1889 .av-image-caption-overlay-center{\ncolor:#ffffff;\n}\n<\/style>\n<div  class='avia-image-container av-k1jjoz-529d30ed2fa8bd9f17780607077d1889 av-styling- avia-align-center  avia-builder-el-16  avia-builder-el-no-sibling'  ><div class=\"avia-image-container-inner\"><div class=\"avia-image-overlay-wrap\"><img decoding=\"async\" class='wp-image-25993 avia-img-lazy-loading-not-25993 avia_image' src=\"https:\/\/staging.144.ch\/wp-content\/uploads\/2021\/11\/bild-geschaeftsstelle-1.jpg\" alt='' title='negozio di quadri'  height=\"560\" width=\"840\" srcset=\"https:\/\/staging.144.ch\/wp-content\/uploads\/2021\/11\/bild-geschaeftsstelle-1.jpg 840w, https:\/\/staging.144.ch\/wp-content\/uploads\/2021\/11\/bild-geschaeftsstelle-1-300x200.jpg 300w, https:\/\/staging.144.ch\/wp-content\/uploads\/2021\/11\/bild-geschaeftsstelle-1-768x512.jpg 768w, https:\/\/staging.144.ch\/wp-content\/uploads\/2021\/11\/bild-geschaeftsstelle-1-705x470.jpg 705w, https:\/\/staging.144.ch\/wp-content\/uploads\/2021\/11\/bild-geschaeftsstelle-1-600x400.jpg 600w\" sizes=\"(max-width: 840px) 100vw, 840px\" \/><\/div><\/div><\/div><\/div><\/div><!--close column table wrapper. Autoclose: 1 -->","protected":false},"excerpt":{"rendered":"","protected":false},"author":1,"featured_media":0,"parent":0,"menu_order":24,"comment_status":"closed","ping_status":"closed","template":"","meta":{"_seopress_robots_primary_cat":"","footnotes":""},"folder":[],"acf":[],"_links":{"self":[{"href":"https:\/\/staging.144.ch\/it\/wp-json\/wp\/v2\/pages\/14781"}],"collection":[{"href":"https:\/\/staging.144.ch\/it\/wp-json\/wp\/v2\/pages"}],"about":[{"href":"https:\/\/staging.144.ch\/it\/wp-json\/wp\/v2\/types\/page"}],"author":[{"embeddable":true,"href":"https:\/\/staging.144.ch\/it\/wp-json\/wp\/v2\/users\/1"}],"replies":[{"embeddable":true,"href":"https:\/\/staging.144.ch\/it\/wp-json\/wp\/v2\/comments?post=14781"}],"version-history":[{"count":0,"href":"https:\/\/staging.144.ch\/it\/wp-json\/wp\/v2\/pages\/14781\/revisions"}],"wp:attachment":[{"href":"https:\/\/staging.144.ch\/it\/wp-json\/wp\/v2\/media?parent=14781"}],"wp:term":[{"taxonomy":"folder","embeddable":true,"href":"https:\/\/staging.144.ch\/it\/wp-json\/wp\/v2\/folder?post=14781"}],"curies":[{"name":"wp","href":"https:\/\/api.w.org\/{rel}","templated":true}]}}