{"id":33677,"date":"2023-03-16T19:01:20","date_gmt":"2023-03-16T18:01:20","guid":{"rendered":"https:\/\/www.ivr-ias.ch\/?page_id=33677"},"modified":"2023-03-18T14:54:01","modified_gmt":"2023-03-18T13:54:01","slug":"aktionstag-144","status":"publish","type":"page","link":"https:\/\/staging.144.ch\/it\/aktionstag-144\/","title":{"rendered":"Giornata nazionale d'azione 144"},"content":{"rendered":"<style type=\"text\/css\" data-created_by=\"avia_inline_auto\" id=\"style-css-av-1h17fjh-62e9b827f93338489139c2bc4950210a\">\n.avia-section.av-1h17fjh-62e9b827f93338489139c2bc4950210a{\nmargin-top:0px;\nmargin-bottom:150px;\n}\n.avia-section.av-1h17fjh-62e9b827f93338489139c2bc4950210a .av-extra-border-element .av-extra-border-inner{\nbackground-color:#ffffff;\n}\n<\/style>\n<div id='av_section_1'  class='avia-section av-1h17fjh-62e9b827f93338489139c2bc4950210a main_color avia-section-huge avia-no-border-styling  avia-builder-el-0  avia-builder-el-no-sibling  avia-bg-style-scroll av-arrow-down-section container_wrap fullsize'  ><div class='container av-section-cont-open' ><main  class='template-page content  av-content-full alpha units'><div class='post-entry post-entry-type-page post-entry-33677'><div class='entry-content-wrapper clearfix'>\n\n<style type=\"text\/css\" data-created_by=\"avia_inline_auto\" id=\"style-css-av-lfch3ej3-424977e6d29c42a98be1bbf6dc954ae5\">\n#top .av-special-heading.av-lfch3ej3-424977e6d29c42a98be1bbf6dc954ae5{\npadding-bottom:10px;\n}\nbody .av-special-heading.av-lfch3ej3-424977e6d29c42a98be1bbf6dc954ae5 .av-special-heading-tag .heading-char{\nfont-size:25px;\n}\n.av-special-heading.av-lfch3ej3-424977e6d29c42a98be1bbf6dc954ae5 .av-subheading{\nfont-size:15px;\n}\n<\/style>\n<div  class='av-special-heading av-lfch3ej3-424977e6d29c42a98be1bbf6dc954ae5 av-special-heading-h1 blockquote modern-quote modern-centered  avia-builder-el-1  el_before_av_hr  avia-builder-el-first  av-thin-font'><h1 class='av-special-heading-tag'  >Giornata nazionale d'azione <strong>144<\/strong> <\/h1><div class='av-subheading av-subheading_below'><p>Interverband f\u00fcr Rettungswesen<\/p>\n<\/div><div class=\"special-heading-border\"><div class=\"special-heading-inner-border\"><\/div><\/div><\/div>\n\n<style type=\"text\/css\" data-created_by=\"avia_inline_auto\" id=\"style-css-av-1174vt9-175e9f2591b6d21427490722e36c8f36\">\n#top .hr.av-1174vt9-175e9f2591b6d21427490722e36c8f36{\nmargin-top:30px;\nmargin-bottom:30px;\n}\n.hr.av-1174vt9-175e9f2591b6d21427490722e36c8f36 .hr-inner{\nwidth:100px;\nborder-color:#0e0e0e;\nmax-width:45%;\n}\n.hr.av-1174vt9-175e9f2591b6d21427490722e36c8f36 .av-seperator-icon{\ncolor:#0e0e0e;\n}\n<\/style>\n<div  class='hr av-1174vt9-175e9f2591b6d21427490722e36c8f36 hr-custom  avia-builder-el-2  el_after_av_heading  el_before_av_textblock  hr-center hr-icon-yes'><span class='hr-inner inner-border-av-border-fat'><span class=\"hr-inner-style\"><\/span><\/span><span class='av-seperator-icon' aria-hidden='true' data-av_icon='\ue809' data-av_iconfont='fontello'><\/span><span class='hr-inner inner-border-av-border-fat'><span class=\"hr-inner-style\"><\/span><\/span><\/div>\n<section  class='av_textblock_section av-mpeqel-7775b730be6c49bd4fbc9ee53ecb2d51'  ><div class='avia_textblock' >    \r\n\t<div class=\"aktionstage-filter\">\r\n\r\n\t\t<label for=\"kantone\">Kanton:<\/label>\r\n\t\t<select name=\"kantone\" id=\"kantone\">\r\n\t\t  <option value=\"alle\">--Bitte w\u00e4hlen--<\/option>\r\n\t\t<\/select>\r\n\t\t\r\n\t<\/div>\r\n\r\n    <div class=\"aktionstage-list\">\r\n    \r\n            <div data-kanton=\"zh\" data-kanton-name=\"ZH\" class=\"aktionstag zh\">\r\n\t\t\t<h4 class=\"aktionstag__sektion\">Servizio di soccorso dell'ospedale di M\u00e4nnedorf<\/h4>\r\n\t\t\t<hr>\r\n            <p class=\"aktionstag__ort\">2 ore ciascuno a Erlenbach, Meilen, Hombrechtikon &amp; St\u00e4fa<\/p>\r\n            <p class=\"aktionstag__datum\">14.04.2023<\/p>\r\n            <p class=\"aktionstag__uhrzeit\">09:00 - 18:30<\/p>\r\n\t\t\t\t\t\t\t<a target=\"_blank\" class=\"aktionstag__url button\" href=\"https:\/\/www.spitalmaennedorf.ch\/fachbereiche\/rettungsdienst\/\" rel=\"noopener\">Info<\/a>\r\n\t\t\t\t\t\t\r\n\t\t\t\t\t\t\r\n\t\t\t\r\n        <\/div>\r\n                <div data-kanton=\"gr\" data-kanton-name=\"GR\" class=\"aktionstag gr\">\r\n\t\t\t<h4 class=\"aktionstag__sektion\">Servizio Ambulanza del Moesano<\/h4>\r\n\t\t\t<hr>\r\n            <p class=\"aktionstag__ort\">Piaza 35,6535 Roveredo<\/p>\r\n            <p class=\"aktionstag__datum\">14.04.2023<\/p>\r\n            <p class=\"aktionstag__uhrzeit\">09:00 - 18:00<\/p>\r\n\t\t\t\t\t\t\t<a target=\"_blank\" class=\"aktionstag__url button\" href=\"https:\/\/www.ambulanzamoesano.ch\/\" rel=\"noopener\">Info<\/a>\r\n\t\t\t\t\t\t\r\n\t\t\t\t\t\t\r\n\t\t\t\r\n        <\/div>\r\n                <div data-kanton=\"vd\" data-kanton-name=\"VD\" class=\"aktionstag vd\">\r\n\t\t\t<h4 class=\"aktionstag__sektion\">SICUREZZA PRIMA DI TUTTO<\/h4>\r\n\t\t\t<hr>\r\n            <p class=\"aktionstag__ort\">L'\u00e9cole de la construction, Rte Ignace Paderewski 2, 1131 Tolochena<\/p>\r\n            <p class=\"aktionstag__datum\">14.04.2023<\/p>\r\n            <p class=\"aktionstag__uhrzeit\">08:00 - 09:00 \/ 13:00 - 14:00<\/p>\r\n\t\t\t\t\t\t\t<a target=\"_blank\" class=\"aktionstag__url button\" href=\"https:\/\/safetyfirst.ch\/\" rel=\"noopener\">Info<\/a>\r\n\t\t\t\t\t\t\r\n\t\t\t\t\t\t\r\n\t\t\t\r\n        <\/div>\r\n                <div data-kanton=\"ar\" data-kanton-name=\"AR\" class=\"aktionstag ar\">\r\n\t\t\t<h4 class=\"aktionstag__sektion\">Associazione ospedaliera Appenzell Ausserrhoden Servizio di soccorso<\/h4>\r\n\t\t\t<hr>\r\n            <p class=\"aktionstag__ort\">Migros Heiden<\/p>\r\n            <p class=\"aktionstag__datum\">14.04.2023<\/p>\r\n            <p class=\"aktionstag__uhrzeit\">10:00 - 15:00<\/p>\r\n\t\t\t\t\t\t\t<a target=\"_blank\" class=\"aktionstag__url button\" href=\"https:\/\/www.spitalverbund.ch\/angebote-herisau\/rettungsdienst\/\" rel=\"noopener\">Info<\/a>\r\n\t\t\t\t\t\t\r\n\t\t\t\t\t\t\r\n\t\t\t\r\n        <\/div>\r\n                <div data-kanton=\"ge\" data-kanton-name=\"GE\" class=\"aktionstag ge\">\r\n\t\t\t<h4 class=\"aktionstag__sektion\">Associazione svizzera dei paramedici - Sezione Gen\u00e8ve<\/h4>\r\n\t\t\t<hr>\r\n            <p class=\"aktionstag__ort\">Rue du march\u00e9 38 - 40, 1204 Gen\u00e8ve<\/p>\r\n            <p class=\"aktionstag__datum\">14.04.2023<\/p>\r\n            <p class=\"aktionstag__uhrzeit\">10:00 - 17:00<\/p>\r\n\t\t\t\t\t\t\t<a target=\"_blank\" class=\"aktionstag__url button\" href=\"https:\/\/www.facebook.com\/profile.php?id=100072115038843\" rel=\"noopener\">Info<\/a>\r\n\t\t\t\t\t\t\r\n\t\t\t\t\t\t\r\n\t\t\t\r\n        <\/div>\r\n                <div data-kanton=\"ai\" data-kanton-name=\"AI\" class=\"aktionstag ai\">\r\n\t\t\t<h4 class=\"aktionstag__sektion\">Servizio di soccorso di Appenzello Interno<\/h4>\r\n\t\t\t<hr>\r\n            <p class=\"aktionstag__ort\">Landsgemeindeplatz Appenzell<\/p>\r\n            <p class=\"aktionstag__datum\">14.04.2023<\/p>\r\n            <p class=\"aktionstag__uhrzeit\">09:00 - 17:00<\/p>\r\n\t\t\t\t\t\t\t<a target=\"_blank\" class=\"aktionstag__url button\" href=\"https:\/\/www.gzai.ch\/de\/notfall\/rettungsdienst\" rel=\"noopener\">Info<\/a>\r\n\t\t\t\t\t\t\r\n\t\t\t\t\t\t\r\n\t\t\t\r\n        <\/div>\r\n                <div data-kanton=\"ag\" data-kanton-name=\"AG\" class=\"aktionstag ag\">\r\n\t\t\t<h4 class=\"aktionstag__sektion\">Accademia di soccorso (e servizio di ambulanza di Wettingen-Limmattal)<\/h4>\r\n\t\t\t<hr>\r\n            <p class=\"aktionstag__ort\">Etzelstrasse 11, 5430 Wettingen<\/p>\r\n            <p class=\"aktionstag__datum\">14.04.2023<\/p>\r\n            <p class=\"aktionstag__uhrzeit\">14:00 - 22:00<\/p>\r\n\t\t\t\t\t\t\t<a target=\"_blank\" class=\"aktionstag__url button\" href=\"https:\/\/sanitaet.info\/opendoor.html\" rel=\"noopener\">Info<\/a>\r\n\t\t\t\t\t\t\r\n\t\t\t\t\t\t\r\n\t\t\t\r\n        <\/div>\r\n                <div data-kanton=\"gl\" data-kanton-name=\"GL\" class=\"aktionstag gl\">\r\n\t\t\t<h4 class=\"aktionstag__sektion\">Servizio di soccorso dell'ospedale cantonale di Glarona<\/h4>\r\n\t\t\t<hr>\r\n            <p class=\"aktionstag__ort\">Krumm, Areal, 8752 N\u00e4fels<\/p>\r\n            <p class=\"aktionstag__datum\">14.04.2023<\/p>\r\n            <p class=\"aktionstag__uhrzeit\">12:00 - 20:00<\/p>\r\n\t\t\t\t\t\t\t<a target=\"_blank\" class=\"aktionstag__url button\" href=\"https:\/\/ksgl.ch\/fachbereiche\/rettung\" rel=\"noopener\">Info<\/a>\r\n\t\t\t\t\t\t\r\n\t\t\t\t\t\t\r\n\t\t\t\r\n        <\/div>\r\n                <div data-kanton=\"sh\" data-kanton-name=\"SH\" class=\"aktionstag sh\">\r\n\t\t\t<h4 class=\"aktionstag__sektion\">Servizio di soccorso dell'ospedale di Schaffhausen<\/h4>\r\n\t\t\t<hr>\r\n            <p class=\"aktionstag__ort\">Herblinger Markt, 8207 Sciaffusa<\/p>\r\n            <p class=\"aktionstag__datum\">14.04.2023<\/p>\r\n            <p class=\"aktionstag__uhrzeit\">09:00 - 17:00<\/p>\r\n\t\t\t\t\t\t\t<a target=\"_blank\" class=\"aktionstag__url button\" href=\"https:\/\/www.spitaeler-sh.ch\/Kliniken-Fachzentren\/Medizinische-Servicezentren\/Rettungsdienst\/Leistungsangebot\/\" rel=\"noopener\">Info<\/a>\r\n\t\t\t\t\t\t\r\n\t\t\t\t\t\t\r\n\t\t\t\r\n        <\/div>\r\n                <div data-kanton=\"vd\" data-kanton-name=\"VD\" class=\"aktionstag vd\">\r\n\t\t\t<h4 class=\"aktionstag__sektion\">Associazione cantonale vodese degli ambulanzieri e dei tecnici-ambulanti<\/h4>\r\n\t\t\t<hr>\r\n            <p class=\"aktionstag__ort\">Place de l'Europe, 1000 Losanna<\/p>\r\n            <p class=\"aktionstag__datum\">14.04.2023<\/p>\r\n            <p class=\"aktionstag__uhrzeit\">09:00 - 18:00<\/p>\r\n\t\t\t\t\t\t\t<a target=\"_blank\" class=\"aktionstag__url button\" href=\"https:\/\/v2.ambulanciers-vaud.ch\/\" rel=\"noopener\">Info<\/a>\r\n\t\t\t\t\t\t\r\n\t\t\t\t\t\t\t<a class=\"aktionstag__fotos button\" href=\"https:\/\/staging.144.ch\/it\/aktionstag\/association-cantonale-vaudoise-des-ambulanciers-et-techniciens-ambulanciers\/\">Foto<\/a>\r\n\t\t\t\t\t\t\r\n\t\t\t\r\n        <\/div>\r\n                <div data-kanton=\"be\" data-kanton-name=\"BE\" class=\"aktionstag be\">\r\n\t\t\t<h4 class=\"aktionstag__sektion\">Protezione e salvataggio Berna<\/h4>\r\n\t\t\t<hr>\r\n            <p class=\"aktionstag__ort\">Online, Instagram: schutzrettungbe, Facebook: Protezione e Salvataggio Berna, Twitter: @schutzrettungbe<\/p>\r\n            <p class=\"aktionstag__datum\">14.04.2023<\/p>\r\n            <p class=\"aktionstag__uhrzeit\">07:00 - 18:00<\/p>\r\n\t\t\t\t\t\t\t<a target=\"_blank\" class=\"aktionstag__url button\" href=\"https:\/\/www.bern.ch\/politik-und-verwaltung\/stadtverwaltung\/sue\/schutz-und-rettung-bern\" rel=\"noopener\">Info<\/a>\r\n\t\t\t\t\t\t\r\n\t\t\t\t\t\t\r\n\t\t\t\r\n        <\/div>\r\n                <div data-kanton=\"vs\" data-kanton-name=\"VS\" class=\"aktionstag vs\">\r\n\t\t\t<h4 class=\"aktionstag__sektion\">OCVS 144 e Associazione svizzera dei paramedici<\/h4>\r\n\t\t\t<hr>\r\n            <p class=\"aktionstag__ort\">Place de la Planta, 1950 Sion<\/p>\r\n            <p class=\"aktionstag__datum\">15.04.2023<\/p>\r\n            <p class=\"aktionstag__uhrzeit\">09:00 - 17:00<\/p>\r\n\t\t\t\t\t\t\t<a target=\"_blank\" class=\"aktionstag__url button\" href=\"https:\/\/www.facebook.com\/associationvalaisannedesambulanciers\/?locale=fr_FR\" rel=\"noopener\">Info<\/a>\r\n\t\t\t\t\t\t\r\n\t\t\t\t\t\t\r\n\t\t\t\r\n        <\/div>\r\n                <div data-kanton=\"lu\" data-kanton-name=\"LU\" class=\"aktionstag lu\">\r\n\t\t\t<h4 class=\"aktionstag__sektion\">Servizio di soccorso Seetal<\/h4>\r\n\t\t\t<hr>\r\n            <p class=\"aktionstag__ort\">Varie localit\u00e0 nell'area operativa<\/p>\r\n            <p class=\"aktionstag__datum\">14.04.2023<\/p>\r\n            <p class=\"aktionstag__uhrzeit\">08:30 - 17:00<\/p>\r\n\t\t\t\t\t\t\t<a target=\"_blank\" class=\"aktionstag__url button\" href=\"https:\/\/rettungsdienst-seetal.ch\/\" rel=\"noopener\">Info<\/a>\r\n\t\t\t\t\t\t\r\n\t\t\t\t\t\t\t<a class=\"aktionstag__fotos button\" href=\"https:\/\/staging.144.ch\/it\/aktionstag\/rettungsdienst-seetal\/\">Foto<\/a>\r\n\t\t\t\t\t\t\r\n\t\t\t\r\n        <\/div>\r\n                <div data-kanton=\"bl\" data-kanton-name=\"BL\" class=\"aktionstag bl\">\r\n\t\t\t<h4 class=\"aktionstag__sektion\">Servizi di soccorso NordWestSchweiz AG<\/h4>\r\n\t\t\t<hr>\r\n            <p class=\"aktionstag__ort\">Centro di supporto RD NWS AG, Pfeffingerstrasse 1, 4153 Reinach<\/p>\r\n            <p class=\"aktionstag__datum\">14.04.2023<\/p>\r\n            <p class=\"aktionstag__uhrzeit\">11:00 - 16:00<\/p>\r\n\t\t\t\t\t\t\t<a target=\"_blank\" class=\"aktionstag__url button\" href=\"https:\/\/www.rdnws.ch\/news\/\" rel=\"noopener\">Info<\/a>\r\n\t\t\t\t\t\t\r\n\t\t\t\t\t\t\t<a class=\"aktionstag__fotos button\" href=\"https:\/\/staging.144.ch\/it\/aktionstag\/rettungsdienste-nordwestschweiz-ag\/\">Foto<\/a>\r\n\t\t\t\t\t\t\r\n\t\t\t\r\n        <\/div>\r\n                <div data-kanton=\"bl\" data-kanton-name=\"BL\" class=\"aktionstag bl\">\r\n\t\t\t<h4 class=\"aktionstag__sektion\">Centro operativo di soccorso 144 \/ 118 Basilea<\/h4>\r\n\t\t\t<hr>\r\n            <p class=\"aktionstag__ort\">Centro di supporto RD NWS AG, Pfeffingerstrasse 1, 4153 Reinach<\/p>\r\n            <p class=\"aktionstag__datum\">14.04.2023<\/p>\r\n            <p class=\"aktionstag__uhrzeit\">11:00 - 16:00<\/p>\r\n\t\t\t\t\t\t\t<a target=\"_blank\" class=\"aktionstag__url button\" href=\"https:\/\/www.rettung.bs.ch\/\" rel=\"noopener\">Info<\/a>\r\n\t\t\t\t\t\t\r\n\t\t\t\t\t\t\t<a class=\"aktionstag__fotos button\" href=\"https:\/\/staging.144.ch\/it\/aktionstag\/einsatzzentralle-rettung-144-118-basel\/\">Foto<\/a>\r\n\t\t\t\t\t\t\r\n\t\t\t\r\n        <\/div>\r\n                <div data-kanton=\"ge\" data-kanton-name=\"GE\" class=\"aktionstag ge\">\r\n\t\t\t<h4 class=\"aktionstag__sektion\">TCS-Ambulanza svizzera di soccorso Gen\u00e8ve<\/h4>\r\n\t\t\t<hr>\r\n            <p class=\"aktionstag__ort\">Clinique G\u00e9n\u00e9rale Beaulieu, Beau-Soleil 20, 1206 Gen\u00e8ve<\/p>\r\n            <p class=\"aktionstag__datum\">14.04.2023<\/p>\r\n            <p class=\"aktionstag__uhrzeit\">10:00 - 16:00<\/p>\r\n\t\t\t\t\t\t\t<a target=\"_blank\" class=\"aktionstag__url button\" href=\"https:\/\/www.tcs.ch\/de\/der-tcs\/ambulance\/?gclid=CjwKCAjwq-WgBhBMEiwAzKSH6AoK-E9Fec2U1-06Gstwk4GxCb5E7KDq8stSY2_d2oypaaqDEmzV7hoCuGMQAvD_BwE&gclsrc=aw.ds\" rel=\"noopener\">Info<\/a>\r\n\t\t\t\t\t\t\r\n\t\t\t\t\t\t\t<a class=\"aktionstag__fotos button\" href=\"https:\/\/staging.144.ch\/it\/aktionstag\/tcs-swiss-ambulance-rescue-geneve\/\">Foto<\/a>\r\n\t\t\t\t\t\t\r\n\t\t\t\r\n        <\/div>\r\n                <div data-kanton=\"gr\" data-kanton-name=\"GR\" class=\"aktionstag gr\">\r\n\t\t\t<h4 class=\"aktionstag__sektion\">Soccorso Chur<\/h4>\r\n\t\t\t<hr>\r\n            <p class=\"aktionstag__ort\">Centro citt\u00e0, 7000 Chur<\/p>\r\n            <p class=\"aktionstag__datum\">14.04.2023<\/p>\r\n            <p class=\"aktionstag__uhrzeit\">10:30 - 18:30<\/p>\r\n\t\t\t\t\t\t\t<a target=\"_blank\" class=\"aktionstag__url button\" href=\"https:\/\/www.ksgr.ch\/rettungchur\" rel=\"noopener\">Info<\/a>\r\n\t\t\t\t\t\t\r\n\t\t\t\t\t\t\t<a class=\"aktionstag__fotos button\" href=\"https:\/\/staging.144.ch\/it\/aktionstag\/rettung-chur\/\">Foto<\/a>\r\n\t\t\t\t\t\t\r\n\t\t\t\r\n        <\/div>\r\n                <div data-kanton=\"ti\" data-kanton-name=\"TI\" class=\"aktionstag ti\">\r\n\t\t\t<h4 class=\"aktionstag__sektion\">Tre Valli Soccorso<\/h4>\r\n\t\t\t<hr>\r\n            <p class=\"aktionstag__ort\">Migros - Via General Guisan 26, 6710 Biasca<\/p>\r\n            <p class=\"aktionstag__datum\">14.04.2023<\/p>\r\n            <p class=\"aktionstag__uhrzeit\">09:00 - 16:00<\/p>\r\n\t\t\t\t\t\t\t<a target=\"_blank\" class=\"aktionstag__url button\" href=\"https:\/\/vimeo.com\/815348855\/ce763bdf10\" rel=\"noopener\">Info<\/a>\r\n\t\t\t\t\t\t\r\n\t\t\t\t\t\t\r\n\t\t\t\r\n        <\/div>\r\n                <div data-kanton=\"ag\" data-kanton-name=\"AG\" class=\"aktionstag ag\">\r\n\t\t\t<h4 class=\"aktionstag__sektion\">Servizio di soccorso Kantonsspital Baden AG<\/h4>\r\n\t\t\t<hr>\r\n            <p class=\"aktionstag__ort\">Schlossbergplatz, 5400 Baden<\/p>\r\n            <p class=\"aktionstag__datum\">14.04.2023<\/p>\r\n            <p class=\"aktionstag__uhrzeit\">11:00 - 16:00<\/p>\r\n\t\t\t\t\t\t\t<a target=\"_blank\" class=\"aktionstag__url button\" href=\"https:\/\/www.kantonsspitalbaden.ch\/Fachbereiche\/Rettungsdienst\/\" rel=\"noopener\">Info<\/a>\r\n\t\t\t\t\t\t\r\n\t\t\t\t\t\t\r\n\t\t\t\r\n        <\/div>\r\n                <div data-kanton=\"ne\" data-kanton-name=\"NE\" class=\"aktionstag ne\">\r\n\t\t\t<h4 class=\"aktionstag__sektion\">Abulances des Vall\u00e9es Neuchateloises<\/h4>\r\n\t\t\t<hr>\r\n            <p class=\"aktionstag__ort\">Grand'Rue 23, 2108 Couvet<\/p>\r\n            <p class=\"aktionstag__datum\">14.04.2023<\/p>\r\n            <p class=\"aktionstag__uhrzeit\">12:00 - 18:00<\/p>\r\n\t\t\t\t\t\t\t<a target=\"_blank\" class=\"aktionstag__url button\" href=\"http:\/\/www.ambulancesval.ch\/\" rel=\"noopener\">Info<\/a>\r\n\t\t\t\t\t\t\r\n\t\t\t\t\t\t\r\n\t\t\t\r\n        <\/div>\r\n                <div data-kanton=\"gr\" data-kanton-name=\"GR\" class=\"aktionstag gr\">\r\n\t\t\t<h4 class=\"aktionstag__sektion\">Chiamata medica d'emergenza SNZ 144 Graub\u00fcnden<\/h4>\r\n\t\t\t<hr>\r\n            <p class=\"aktionstag__ort\">Area urbana, 7000 Chur<\/p>\r\n            <p class=\"aktionstag__datum\">14.04.2023<\/p>\r\n            <p class=\"aktionstag__uhrzeit\">11:00 - 18:00<\/p>\r\n\t\t\t\t\t\t\t<a target=\"_blank\" class=\"aktionstag__url button\" href=\"https:\/\/www.gr.ch\/DE\/notrufzentrale\/Seiten\/start.aspx\" rel=\"noopener\">Info<\/a>\r\n\t\t\t\t\t\t\r\n\t\t\t\t\t\t\t<a class=\"aktionstag__fotos button\" href=\"https:\/\/staging.144.ch\/it\/aktionstag\/sanitaetsnotruf-snz-144-graubuenden\/\">Foto<\/a>\r\n\t\t\t\t\t\t\r\n\t\t\t\r\n        <\/div>\r\n                <div data-kanton=\"ne\" data-kanton-name=\"NE\" class=\"aktionstag ne\">\r\n\t\t\t<h4 class=\"aktionstag__sektion\">Associazione svizzera dei paramedici <\/h4>\r\n\t\t\t<hr>\r\n            <p class=\"aktionstag__ort\">Place Du March\u00e9, 2000 Neuchatel<\/p>\r\n            <p class=\"aktionstag__datum\">14.04.2023<\/p>\r\n            <p class=\"aktionstag__uhrzeit\">12:00 - 18:00<\/p>\r\n\t\t\t\t\t\t\t<a target=\"_blank\" class=\"aktionstag__url button\" href=\"https:\/\/www.swissparamedic.ch\/vrs\/sektionen\/sektion-neuchatel.html\" rel=\"noopener\">Info<\/a>\r\n\t\t\t\t\t\t\r\n\t\t\t\t\t\t\t<a class=\"aktionstag__fotos button\" href=\"https:\/\/staging.144.ch\/it\/aktionstag\/swiss-paramedic-association\/\">Foto<\/a>\r\n\t\t\t\t\t\t\r\n\t\t\t\r\n        <\/div>\r\n                <div data-kanton=\"zh\" data-kanton-name=\"ZH\" class=\"aktionstag zh\">\r\n\t\t\t<h4 class=\"aktionstag__sektion\">Servizio di soccorso dell'ospedale del lago<\/h4>\r\n\t\t\t<hr>\r\n            <p class=\"aktionstag__ort\">Distretto di Horgen (W\u00e4denswil e Adliswil)<\/p>\r\n            <p class=\"aktionstag__datum\">14.04.2023<\/p>\r\n            <p class=\"aktionstag__uhrzeit\">07:15 - 13:15<\/p>\r\n\t\t\t\t\t\t\t<a target=\"_blank\" class=\"aktionstag__url button\" href=\"https:\/\/see-spital.ch\/fachgebiete\/anaesthesiologie-intensivmedizin-rettungsmedizin\/#rettungsdienst\" rel=\"noopener\">Info<\/a>\r\n\t\t\t\t\t\t\r\n\t\t\t\t\t\t\r\n\t\t\t\r\n        <\/div>\r\n                <div data-kanton=\"vd\" data-kanton-name=\"VD\" class=\"aktionstag vd\">\r\n\t\t\t<h4 class=\"aktionstag__sektion\">Emostaz<\/h4>\r\n\t\t\t<hr>\r\n            <p class=\"aktionstag__ort\">Place de L'Europe, 1003 Losanna<\/p>\r\n            <p class=\"aktionstag__datum\">14.04.2023<\/p>\r\n            <p class=\"aktionstag__uhrzeit\">09:00 - 12:00<\/p>\r\n\t\t\t\t\t\t\t<a target=\"_blank\" class=\"aktionstag__url button\" href=\"https:\/\/hemostaz.ch\/\" rel=\"noopener\">Info<\/a>\r\n\t\t\t\t\t\t\r\n\t\t\t\t\t\t\t<a class=\"aktionstag__fotos button\" href=\"https:\/\/staging.144.ch\/it\/aktionstag\/hemostaz\/\">Foto<\/a>\r\n\t\t\t\t\t\t\r\n\t\t\t\r\n        <\/div>\r\n                <div data-kanton=\"so\" data-kanton-name=\"SO\" class=\"aktionstag so\">\r\n\t\t\t<h4 class=\"aktionstag__sektion\">Servizio di soccorso Solothurner Spit\u00e4ler AG<\/h4>\r\n\t\t\t<hr>\r\n            <p class=\"aktionstag__ort\">Centro storico 4500 Soletta e 4600 Olten<\/p>\r\n            <p class=\"aktionstag__datum\">14.04.2023<\/p>\r\n            <p class=\"aktionstag__uhrzeit\">12:00 - 16:00<\/p>\r\n\t\t\t\t\t\t\t<a target=\"_blank\" class=\"aktionstag__url button\" href=\"https:\/\/www.solothurnerspitaeler.ch\/unsere-spitaeler\/buergerspital-solothurn\/medizinisches-angebot\/notfall\/rettungsdienst\/\" rel=\"noopener\">Info<\/a>\r\n\t\t\t\t\t\t\r\n\t\t\t\t\t\t\r\n\t\t\t\r\n        <\/div>\r\n                <div data-kanton=\"sg\" data-kanton-name=\"SG\" class=\"aktionstag sg\">\r\n\t\t\t<h4 class=\"aktionstag__sektion\">Soccorso a San Gallo<\/h4>\r\n\t\t\t<hr>\r\n            <p class=\"aktionstag__ort\">Warostrasse, 9469 Haag<\/p>\r\n            <p class=\"aktionstag__datum\">14.04.2023<\/p>\r\n            <p class=\"aktionstag__uhrzeit\">10:00 - 15:00<\/p>\r\n\t\t\t\t\t\t\t<a target=\"_blank\" class=\"aktionstag__url button\" href=\"https:\/\/rettung-sg.ch\/\" rel=\"noopener\">Info<\/a>\r\n\t\t\t\t\t\t\r\n\t\t\t\t\t\t\r\n\t\t\t\r\n        <\/div>\r\n                \r\n    <\/div>\r\n\r\n\t<script>\r\n\tjQuery(document).ready(function( $ ) {\r\n\t\r\n\t\tvar kantone = [];\r\n\t\t$( \".aktionstag\" ).each(function( index ) {\r\n\t\t\tkantone.push($(this).data(\"kanton\"));\r\n\t\t});\r\n\t\t\r\n\t\tkantone.sort();\r\n\t\t\r\n\t\tconst getUniqueValues = (array) => (\r\n\t\t  array.filter((currentValue, index, arr) => (\r\n\t\t\t\tarr.indexOf(currentValue) === index\r\n\t\t\t))\r\n\t\t)\r\n\t\t\r\n\t\tkantone = getUniqueValues(kantone);\r\n\t\t\r\n\t\tkantone.forEach( function (item) {\r\n\t\t\t$(\"#kantone\").append(\"<option value='\" + item + \"'>\" + item.toUpperCase() + \"<\/option>\");\r\n\t\t});\r\n\t\t\r\n\t\t\t\r\n\t\t$('#kantone').on('change', function() {\r\n\r\n\t\t\tif( this.value == \"alle\" ) {\r\n\t\t\t\t$(\".aktionstag\").show();\r\n\t\t\t} else {\r\n\t\t\t\t$(\".aktionstag\").hide();\r\n\t\t\t\t$(\".aktionstag.\" + this.value).show();\r\n\t\t\t}\r\n\r\n\t\t});\r\n\r\n\t});\r\n\t\r\n\t\r\n\t<\/script>\r\n\r\n    \r\n    \n<\/div><\/section>","protected":false},"excerpt":{"rendered":"","protected":false},"author":1,"featured_media":0,"parent":0,"menu_order":0,"comment_status":"closed","ping_status":"closed","template":"","meta":{"_seopress_robots_primary_cat":"","footnotes":""},"folder":[],"acf":[],"_links":{"self":[{"href":"https:\/\/staging.144.ch\/it\/wp-json\/wp\/v2\/pages\/33677"}],"collection":[{"href":"https:\/\/staging.144.ch\/it\/wp-json\/wp\/v2\/pages"}],"about":[{"href":"https:\/\/staging.144.ch\/it\/wp-json\/wp\/v2\/types\/page"}],"author":[{"embeddable":true,"href":"https:\/\/staging.144.ch\/it\/wp-json\/wp\/v2\/users\/1"}],"replies":[{"embeddable":true,"href":"https:\/\/staging.144.ch\/it\/wp-json\/wp\/v2\/comments?post=33677"}],"version-history":[{"count":8,"href":"https:\/\/staging.144.ch\/it\/wp-json\/wp\/v2\/pages\/33677\/revisions"}],"predecessor-version":[{"id":33797,"href":"https:\/\/staging.144.ch\/it\/wp-json\/wp\/v2\/pages\/33677\/revisions\/33797"}],"wp:attachment":[{"href":"https:\/\/staging.144.ch\/it\/wp-json\/wp\/v2\/media?parent=33677"}],"wp:term":[{"taxonomy":"folder","embeddable":true,"href":"https:\/\/staging.144.ch\/it\/wp-json\/wp\/v2\/folder?post=33677"}],"curies":[{"name":"wp","href":"https:\/\/api.w.org\/{rel}","templated":true}]}}