{"id":28298,"date":"2022-03-15T15:39:06","date_gmt":"2022-03-15T14:39:06","guid":{"rendered":"https:\/\/ivr-ias.aretiswebseiten.ch\/produkt\/aufkleber-150-mm-durchsichtig-1-stk-copy-copy\/"},"modified":"2023-10-17T12:01:45","modified_gmt":"2023-10-17T10:01:45","slug":"aufkleber-150-mm-durchsichtig-1-stk-copy-copy","status":"publish","type":"product","link":"https:\/\/staging.144.ch\/it\/prodotto\/aufkleber-150-mm-durchsichtig-1-stk-copy-copy\/","title":{"rendered":"Adesivo 180 mm \u00abEducazione al primo soccorso\u00bb"},"content":{"rendered":"<div class=\"description\">\n<p><strong>Adesivo rotondo<\/strong><br \/>\n\u00d8 = 180 mm<\/p>\n<p><strong>Solo per le organizzazioni di pronto soccorso riconosciute dall'IVR!<br \/>\n<\/strong>Disponibile solo in inglese.<strong><br \/>\n<\/strong><\/p>\n<p>&nbsp;<\/p>\n<\/div>","protected":false},"excerpt":{"rendered":"<p>Runder Aufkleber \u00d8 = 180 mm Nur f\u00fcr IVR anerkannte First Aid Organisationen! Nur in englisch erh\u00e4tlich. &nbsp;<\/p>","protected":false},"featured_media":28300,"comment_status":"closed","ping_status":"closed","template":"","meta":{"_seopress_robots_primary_cat":"none"},"product_cat":[41],"product_tag":[],"acf":[],"_links":{"self":[{"href":"https:\/\/staging.144.ch\/it\/wp-json\/wp\/v2\/product\/28298"}],"collection":[{"href":"https:\/\/staging.144.ch\/it\/wp-json\/wp\/v2\/product"}],"about":[{"href":"https:\/\/staging.144.ch\/it\/wp-json\/wp\/v2\/types\/product"}],"replies":[{"embeddable":true,"href":"https:\/\/staging.144.ch\/it\/wp-json\/wp\/v2\/comments?post=28298"}],"wp:featuredmedia":[{"embeddable":true,"href":"https:\/\/staging.144.ch\/it\/wp-json\/wp\/v2\/media\/28300"}],"wp:attachment":[{"href":"https:\/\/staging.144.ch\/it\/wp-json\/wp\/v2\/media?parent=28298"}],"wp:term":[{"taxonomy":"product_cat","embeddable":true,"href":"https:\/\/staging.144.ch\/it\/wp-json\/wp\/v2\/product_cat?post=28298"},{"taxonomy":"product_tag","embeddable":true,"href":"https:\/\/staging.144.ch\/it\/wp-json\/wp\/v2\/product_tag?post=28298"}],"curies":[{"name":"wp","href":"https:\/\/api.w.org\/{rel}","templated":true}]}}