{"id":28321,"date":"2022-03-15T17:02:15","date_gmt":"2022-03-15T16:02:15","guid":{"rendered":"https:\/\/ivr-ias.aretiswebseiten.ch\/?post_type=product&#038;p=28321"},"modified":"2023-09-21T11:23:12","modified_gmt":"2023-09-21T09:23:12","slug":"einsatzprotokoll-ivr-francais","status":"publish","type":"product","link":"https:\/\/staging.144.ch\/it\/prodotto\/einsatzprotokoll-ivr-francais\/","title":{"rendered":"Protocollo operativo IVR Fran\u00e7ais"},"content":{"rendered":"<p><strong>!!!Prodotto fuori produzione, non sar\u00e0 pi\u00f9 prodotto dopo la vendita!!!<\/strong><\/p>\n<p>Blocco con 50 protocolli<\/p>\n<p>Ognuno in triplice copia con divisorio in cartone e note esplicative.<\/p>","protected":false},"excerpt":{"rendered":"<p>!!!Auslaufprodukt, wird nach dem Abverkauf nicht mehr hergestellt!! Block mit 50 Protokollen Jeweils in dreifacher Ausf\u00fchrung mit Kartonzwischenblatt und Erl\u00e4uterungen<\/p>","protected":false},"featured_media":28323,"comment_status":"closed","ping_status":"closed","template":"","meta":{"_seopress_robots_primary_cat":"none"},"product_cat":[41],"product_tag":[],"acf":[],"_links":{"self":[{"href":"https:\/\/staging.144.ch\/it\/wp-json\/wp\/v2\/product\/28321"}],"collection":[{"href":"https:\/\/staging.144.ch\/it\/wp-json\/wp\/v2\/product"}],"about":[{"href":"https:\/\/staging.144.ch\/it\/wp-json\/wp\/v2\/types\/product"}],"replies":[{"embeddable":true,"href":"https:\/\/staging.144.ch\/it\/wp-json\/wp\/v2\/comments?post=28321"}],"wp:featuredmedia":[{"embeddable":true,"href":"https:\/\/staging.144.ch\/it\/wp-json\/wp\/v2\/media\/28323"}],"wp:attachment":[{"href":"https:\/\/staging.144.ch\/it\/wp-json\/wp\/v2\/media?parent=28321"}],"wp:term":[{"taxonomy":"product_cat","embeddable":true,"href":"https:\/\/staging.144.ch\/it\/wp-json\/wp\/v2\/product_cat?post=28321"},{"taxonomy":"product_tag","embeddable":true,"href":"https:\/\/staging.144.ch\/it\/wp-json\/wp\/v2\/product_tag?post=28321"}],"curies":[{"name":"wp","href":"https:\/\/api.w.org\/{rel}","templated":true}]}}